{"id":12602,"date":"2020-08-28T14:46:32","date_gmt":"2020-08-28T12:46:32","guid":{"rendered":"https:\/\/sp12plock.pl\/?page_id=12602"},"modified":"2022-04-22T08:52:47","modified_gmt":"2022-04-22T06:52:47","slug":"organizacja-pracy-szkoly-podstawowej-nr-12-w-plocku-w-okresie-zagrozenia-covid-19","status":"publish","type":"page","link":"https:\/\/sp12plock.pl\/index.php\/organizacja-pracy-szkoly-podstawowej-nr-12-w-plocku-w-okresie-zagrozenia-covid-19\/","title":{"rendered":"Organizacja pracy Szko\u0142y Podstawowej nr 12 w P\u0142ocku w okresie zagro\u017cenia COVID-19"},"content":{"rendered":"<ul>\n<li><a href=\"https:\/\/sp12plock.pl\/wp-content\/uploads\/2022\/04\/SP12-PROCEDURA-kwiecien-2022-\u2014-publikacja.pdf\" target=\"_blank\" rel=\"noopener noreferrer\"><strong>Procedury bezpiecze\u0144stwa maj\u0105ce na celu zapobieganie<br \/>\ni przeciwdzia\u0142anie COVID-19 w\u015br\u00f3d uczni\u00f3w, rodzic\u00f3w i pracownik\u00f3w szko\u0142y obowi\u0105zuj\u0105ce na terenie Szko\u0142y Podstawowej nr 1im. Miry Zimi\u0144skiej &#8211; Sygiety\u0144skiej w P\u0142ocku od 21 kwietnia 2022r.<\/strong><\/a><\/li>\n<li><a href=\"https:\/\/sp12plock.pl\/wp-content\/uploads\/2022\/04\/Procedury-bezpieczenstwa-pracy-stolowki-i-wydawania-posilkow.pdf\" target=\"_blank\" rel=\"noopener noreferrer\"><strong>Procedury bezpiecze\u0144stwa pracy sto\u0142\u00f3wki i wydawania posi\u0142k\u00f3w w Szkole Podstawowej nr 12 w P\u0142ocku<\/strong><\/a><\/li>\n<li><a href=\"https:\/\/sp12plock.pl\/wp-content\/uploads\/2022\/04\/Procedury-funkcjonowania-swietlicy-szkolnej-SP12-w-Plocku-w-okresie-zagrozenia-zakazeniem-COVID-19.pdf\" target=\"_blank\" rel=\"noopener noreferrer\"><strong>Procedury funkcjonowania \u015bwietlicy w Szkole Podstawowej nr 12 w P\u0142ocku<\/strong><\/a><\/li>\n<li><a href=\"https:\/\/sp12plock.pl\/wp-content\/uploads\/2020\/08\/SP12-Lekcje-przerwy.pdf\" target=\"_blank\" rel=\"noopener noreferrer\"><strong>Zmiany w d\u0142ugo\u015bci przerw i zaj\u0119\u0107 lekcyjnych obowi\u0105zuj\u0105ce od 1.09.2020<\/strong><\/a><\/li>\n<\/ul>\n","protected":false},"excerpt":{"rendered":"<p>Procedury bezpiecze\u0144stwa maj\u0105ce na celu zapobieganie i przeciwdzia\u0142anie COVID-19 w\u015br\u00f3d uczni\u00f3w, rodzic\u00f3w i pracownik\u00f3w szko\u0142y obowi\u0105zuj\u0105ce na terenie Szko\u0142y Podstawowej nr 1im. Miry Zimi\u0144skiej &#8211; Sygiety\u0144skiej w P\u0142ocku od 21 kwietnia 2022r. Procedury bezpiecze\u0144stwa pracy sto\u0142\u00f3wki i wydawania posi\u0142k\u00f3w w Szkole Podstawowej nr 12 w P\u0142ocku Procedury funkcjonowania \u015bwietlicy w Szkole Podstawowej nr 12 w [&#8230;.] <a href=\"https:\/\/sp12plock.pl\/index.php\/organizacja-pracy-szkoly-podstawowej-nr-12-w-plocku-w-okresie-zagrozenia-covid-19\/\" class=\"read-more\">Czytaj wi\u0119cej&#8230;<\/a><\/p>\n","protected":false},"author":5,"featured_media":0,"parent":0,"menu_order":0,"comment_status":"closed","ping_status":"closed","template":"","meta":{"footnotes":""},"class_list":["post-12602","page","type-page","status-publish","hentry"],"_links":{"self":[{"href":"https:\/\/sp12plock.pl\/index.php\/wp-json\/wp\/v2\/pages\/12602","targetHints":{"allow":["GET"]}}],"collection":[{"href":"https:\/\/sp12plock.pl\/index.php\/wp-json\/wp\/v2\/pages"}],"about":[{"href":"https:\/\/sp12plock.pl\/index.php\/wp-json\/wp\/v2\/types\/page"}],"author":[{"embeddable":true,"href":"https:\/\/sp12plock.pl\/index.php\/wp-json\/wp\/v2\/users\/5"}],"replies":[{"embeddable":true,"href":"https:\/\/sp12plock.pl\/index.php\/wp-json\/wp\/v2\/comments?post=12602"}],"version-history":[{"count":18,"href":"https:\/\/sp12plock.pl\/index.php\/wp-json\/wp\/v2\/pages\/12602\/revisions"}],"predecessor-version":[{"id":17198,"href":"https:\/\/sp12plock.pl\/index.php\/wp-json\/wp\/v2\/pages\/12602\/revisions\/17198"}],"wp:attachment":[{"href":"https:\/\/sp12plock.pl\/index.php\/wp-json\/wp\/v2\/media?parent=12602"}],"curies":[{"name":"wp","href":"https:\/\/api.w.org\/{rel}","templated":true}]}}