{"id":12780,"date":"2020-10-15T10:45:01","date_gmt":"2020-10-15T08:45:01","guid":{"rendered":"https:\/\/sp12plock.pl\/?page_id=12780"},"modified":"2021-10-26T08:46:25","modified_gmt":"2021-10-26T06:46:25","slug":"nauka-zdalna-office-365","status":"publish","type":"page","link":"https:\/\/sp12plock.pl\/index.php\/nauka-zdalna-office-365\/","title":{"rendered":"Nauka zdalna &#8211; Office 365"},"content":{"rendered":"<p>Poni\u017cej znajduje si\u0119 instrukcja pierwszego logowania do portalu Office 365 wykorzystywanego w nauce zdalnej w naszej szkole.<\/p>\n<p>W razie problem\u00f3w z zalogowaniem lub w celu zmiany (zresetowania) zapomnianego has\u0142a, prosimy o kontakt z Informatykiem pod adresem e-mail:<a href=\"mailto:informatyk@sp12plock.pl\"> informatyk@sp12plock.pl<\/a><br \/>\nlub telefonicznie:\u00a0 24 <span class=\"icon-box-subtitle\">364 &#8211; 31 &#8211; 90<br \/>\nod Poniedzia\u0142ku do Pi\u0105tku w godzinach 7:30 &#8211; 11:30<\/span><\/p>\n<h3 style=\"text-align: center;\"><strong><a href=\"https:\/\/sp12plock.pl\/wp-content\/uploads\/2021\/10\/instrukcja-pierwsze-logowanie-office-365.pdf\" target=\"_blank\" rel=\"noopener noreferrer\">Instrukcja pierwszego logowania do Office 365 (.pdf)<\/a><\/strong><\/h3>\n<h3 style=\"text-align: center;\"><a href=\"https:\/\/www.youtube.com\/watch?v=Mzlcs8pCG6g&amp;list=PL6-3bqqH2ks6AQMrzBMKia6V8TK_0TdtJ\" target=\"_blank\" rel=\"noopener noreferrer\"><strong>Darmowe poradniki video dla uczni\u00f3w<\/strong> <\/a><\/h3>\n<h3 style=\"text-align: center;\"><a href=\"https:\/\/www.microsoft.com\/pl-pl\/microsoft-teams\/download-app\" target=\"_blank\" rel=\"noopener\">Aplikacja Microsoft Teams &#8211; do pobrania<\/a><\/h3>\n<hr \/>\n<h3 style=\"text-align: center;\"><a href=\"https:\/\/sp12plock.pl\/wp-content\/uploads\/2021\/09\/Zasady-funkcj.-ocenianie-od-grudnia-2020-AKTUALNE-DO-2021.pdf\" target=\"_blank\" rel=\"noopener\">Zasady funkcjonowania Szko\u0142y Podstawowej nr 12 w P\u0142ocku, w zwi\u0105zku z zapobieganiem, przeciwdzia\u0142aniem i zwalczaniem COVID-19, w przypadku realizacji zaj\u0119\u0107 edukacyjnych z wykorzystaniem metod i technik kszta\u0142cenia na odleg\u0142o\u015b\u0107 lub innego sposobu realizacji tych zaj\u0119\u0107 <\/a><\/h3>\n","protected":false},"excerpt":{"rendered":"<p>Poni\u017cej znajduje si\u0119 instrukcja pierwszego logowania do portalu Office 365 wykorzystywanego w nauce zdalnej w naszej szkole. W razie problem\u00f3w z zalogowaniem lub w celu zmiany (zresetowania) zapomnianego has\u0142a, prosimy o kontakt z Informatykiem pod adresem e-mail: informatyk@sp12plock.pl lub telefonicznie:\u00a0 24 364 &#8211; 31 &#8211; 90 od Poniedzia\u0142ku do Pi\u0105tku w godzinach 7:30 &#8211; 11:30 [&#8230;.] <a href=\"https:\/\/sp12plock.pl\/index.php\/nauka-zdalna-office-365\/\" class=\"read-more\">Czytaj wi\u0119cej&#8230;<\/a><\/p>\n","protected":false},"author":5,"featured_media":0,"parent":0,"menu_order":0,"comment_status":"closed","ping_status":"closed","template":"","meta":{"footnotes":""},"class_list":["post-12780","page","type-page","status-publish","hentry"],"_links":{"self":[{"href":"https:\/\/sp12plock.pl\/index.php\/wp-json\/wp\/v2\/pages\/12780","targetHints":{"allow":["GET"]}}],"collection":[{"href":"https:\/\/sp12plock.pl\/index.php\/wp-json\/wp\/v2\/pages"}],"about":[{"href":"https:\/\/sp12plock.pl\/index.php\/wp-json\/wp\/v2\/types\/page"}],"author":[{"embeddable":true,"href":"https:\/\/sp12plock.pl\/index.php\/wp-json\/wp\/v2\/users\/5"}],"replies":[{"embeddable":true,"href":"https:\/\/sp12plock.pl\/index.php\/wp-json\/wp\/v2\/comments?post=12780"}],"version-history":[{"count":11,"href":"https:\/\/sp12plock.pl\/index.php\/wp-json\/wp\/v2\/pages\/12780\/revisions"}],"predecessor-version":[{"id":15455,"href":"https:\/\/sp12plock.pl\/index.php\/wp-json\/wp\/v2\/pages\/12780\/revisions\/15455"}],"wp:attachment":[{"href":"https:\/\/sp12plock.pl\/index.php\/wp-json\/wp\/v2\/media?parent=12780"}],"curies":[{"name":"wp","href":"https:\/\/api.w.org\/{rel}","templated":true}]}}