{"id":143,"date":"2018-05-11T06:20:42","date_gmt":"2018-05-11T06:20:42","guid":{"rendered":"http:\/\/sp12plock.pl\/?page_id=143"},"modified":"2026-02-25T08:44:10","modified_gmt":"2026-02-25T07:44:10","slug":"stypendia","status":"publish","type":"page","link":"https:\/\/sp12plock.pl\/index.php\/stypendia\/","title":{"rendered":"Stypendia"},"content":{"rendered":"<p>&nbsp;<\/p>\n<h3 style=\"text-align: center;\"><a href=\"https:\/\/sp12plock.pl\/wp-content\/uploads\/2025\/11\/doc08834420251114144745.pdf\">Regulamin przyznawania stypendi\u00f3w motywacyjnych w Szkole Podstawowej nr 12 im. Miry Zimi\u0144skiej-Sygiety\u0144skiej w P\u0142ocku<\/a><\/h3>\n<hr \/>\n<h3 style=\"text-align: center;\">Stypendia w ramach projektu \u201eMazowiecki program stypendialny dla uczni\u00f3w szczeg\u00f3lnie uzdolnionych \u2013 najlepsza inwestycja w cz\u0142owieka\u201d<\/h3>\n<ul>\n<li>\n<h4><strong><a href=\"https:\/\/sp12plock.pl\/wp-content\/uploads\/2020\/09\/Regulamin-projektu.pdf\" target=\"_blank\" rel=\"noopener noreferrer\">Regulamin projektu<\/a><\/strong><\/h4>\n<\/li>\n<li>\n<h4><strong><a href=\"https:\/\/sp12plock.pl\/wp-content\/uploads\/2020\/09\/Plakat-projektu.pdf\" target=\"_blank\" rel=\"noopener noreferrer\">Plakat projektu<\/a><\/strong><\/h4>\n<\/li>\n<\/ul>\n<p>Wi\u0119cej informacji pod adresem: <a href=\"https:\/\/stypendia.oeiizk.waw.pl\">https:\/\/stypendia.oeiizk.waw.pl<\/a><\/p>\n","protected":false},"excerpt":{"rendered":"<p>&nbsp; Regulamin przyznawania stypendi\u00f3w motywacyjnych w Szkole Podstawowej nr 12 im. Miry Zimi\u0144skiej-Sygiety\u0144skiej w P\u0142ocku Stypendia w ramach projektu \u201eMazowiecki program stypendialny dla uczni\u00f3w szczeg\u00f3lnie uzdolnionych \u2013 najlepsza inwestycja w cz\u0142owieka\u201d Regulamin projektu Plakat projektu Wi\u0119cej informacji pod adresem: https:\/\/stypendia.oeiizk.waw.pl<\/p>\n","protected":false},"author":1,"featured_media":0,"parent":0,"menu_order":0,"comment_status":"closed","ping_status":"closed","template":"","meta":{"footnotes":""},"class_list":["post-143","page","type-page","status-publish","hentry"],"_links":{"self":[{"href":"https:\/\/sp12plock.pl\/index.php\/wp-json\/wp\/v2\/pages\/143","targetHints":{"allow":["GET"]}}],"collection":[{"href":"https:\/\/sp12plock.pl\/index.php\/wp-json\/wp\/v2\/pages"}],"about":[{"href":"https:\/\/sp12plock.pl\/index.php\/wp-json\/wp\/v2\/types\/page"}],"author":[{"embeddable":true,"href":"https:\/\/sp12plock.pl\/index.php\/wp-json\/wp\/v2\/users\/1"}],"replies":[{"embeddable":true,"href":"https:\/\/sp12plock.pl\/index.php\/wp-json\/wp\/v2\/comments?post=143"}],"version-history":[{"count":15,"href":"https:\/\/sp12plock.pl\/index.php\/wp-json\/wp\/v2\/pages\/143\/revisions"}],"predecessor-version":[{"id":30833,"href":"https:\/\/sp12plock.pl\/index.php\/wp-json\/wp\/v2\/pages\/143\/revisions\/30833"}],"wp:attachment":[{"href":"https:\/\/sp12plock.pl\/index.php\/wp-json\/wp\/v2\/media?parent=143"}],"curies":[{"name":"wp","href":"https:\/\/api.w.org\/{rel}","templated":true}]}}