{"id":144,"date":"2018-05-11T06:20:43","date_gmt":"2018-05-11T06:20:43","guid":{"rendered":"http:\/\/sp12plock.pl\/?page_id=144"},"modified":"2024-09-04T14:17:39","modified_gmt":"2024-09-04T12:17:39","slug":"ubezpieczenie-dzieci","status":"publish","type":"page","link":"https:\/\/sp12plock.pl\/index.php\/ubezpieczenie-dzieci\/","title":{"rendered":"Ubezpieczenie dzieci"},"content":{"rendered":"<h3 style=\"text-align: center;\">Ubezpieczenie dzieci na rok szkolny 2024\/2025<\/h3>\n<p style=\"text-align: center;\"><strong>Jak przej\u015b\u0107 do oferty i kupi\u0107 ubezpieczenie<\/strong><\/p>\n<p style=\"text-align: center;\">1. Kliknij w poni\u017cszy przycisk, aby przej\u015b\u0107 do oferty.<\/p>\n<p style=\"text-align: center;\">2. Zapoznaj si\u0119 z ofert\u0105, wybierz interesuj\u0105cy Ci\u0119 1 z 4 wariant\u00f3w i op\u0142a\u0107 wygodnie sk\u0142adk\u0119 za pomoc\u0105 p\u0142atno\u015bci online.<\/p>\n<p style=\"text-align: center;\">Kliknij poni\u017cej w okno \u201ePrzejd\u017a do oferty\u201d \u00a0w celu zakupu ubezpieczenia:<\/p>\n<p style=\"text-align: center;\"><a href=\"https:\/\/nnwdlaszkoly.pl\/oferta\/9nAw3d\" target=\"_blank\" rel=\"noopener\"><strong>Link Do zawarcia ubezpieczenia<\/strong><\/a><\/p>\n<p>&nbsp;<\/p>\n<p style=\"text-align: left;\">Za\u0142\u0105czniki<\/p>\n<h5 style=\"text-align: left;\">1.\u00a0 <a href=\"https:\/\/sp12plock.pl\/wp-content\/uploads\/2024\/09\/K-24-606-00045701_Ulotka.pdf\">Oferta<\/a><br \/>\n2. <a href=\"https:\/\/sp12plock.pl\/wp-content\/uploads\/2024\/09\/Strefa_NNW_szkolne_owu_072024.pdf\">Strefa NNW\/OWU<\/a><\/h5>\n<h3 style=\"text-align: center;\"><\/h3>\n<hr \/>\n<h3 style=\"text-align: center;\">Ubezpieczenie dzieci na rok szkolny 2022\/2023<\/h3>\n<h3 style=\"text-align: center;\">1.\u00a0 <a href=\"https:\/\/sp12plock.pl\/wp-content\/uploads\/2022\/08\/Zakres-ubezpieczenia-Twoje-dziecko_2.pdf\" target=\"_blank\" rel=\"noopener\">Zakres ubezpieczenia<\/a><\/h3>\n<h3 style=\"text-align: center;\">2. <a href=\"https:\/\/sp12plock.pl\/wp-content\/uploads\/2022\/08\/Ogolne-Warunki-Ubezpieczenia-Twoje-Dziecko-z-karta-i-zalacznikiem-1_2022....pdf\" target=\"_blank\" rel=\"noopener\">Warunki og\u00f3lne OWU<\/a><\/h3>\n<h3 style=\"text-align: center;\">3. <a href=\"https:\/\/twojedziecko.allianz.pl\/start\/?token=6211B751ABF9EA88552540BD7EB79A8C31229D3C1B33F6C9A57714A6009CCE85\" target=\"_blank\" rel=\"noopener\">Link do zawarcia ubezpieczenia<\/a><\/h3>\n<hr \/>\n<h3 style=\"text-align: center;\"><a href=\"https:\/\/sp12plock.pl\/wp-content\/uploads\/2021\/09\/Ubezpieczenie-NNW-Twoje-Dziecko-2021_2022.pdf\" target=\"_blank\" rel=\"noopener\">Ubezpieczenie dzieci na rok szkolny 2021\/2022<\/a><\/h3>\n<h3 style=\"text-align: center;\">Link do formularza elektronicznego, kt\u00f3ry umo\u017cliwi do\u0142\u0105czenie dziecka do\u00a0ubezpieczenia:<\/h3>\n<h3 style=\"text-align: center;\"><a href=\"https:\/\/twojedziecko.aviva.pl\/start\/?token=734EDA0E2B8057C39723695AEE67E823DF4A19B85BE1DC8C36D046A713ACECCC\">https:\/\/twojedziecko.aviva.pl\/start\/?token=734EDA0E2B8057C39723695AEE67E823DF4A19B85BE1DC8C36D046A713ACECCC<\/a><\/h3>\n<h3 style=\"text-align: center;\"><a href=\"https:\/\/sp12plock.pl\/wp-content\/uploads\/2021\/09\/OWU_Twoje_Dziecko_z_karta_2019-11-12-1.pdf\" target=\"_blank\" rel=\"noopener\">Dokument zawieraj\u0105cy informacje o produkcie ubezpieczeniowym<\/a><\/h3>\n<h3 style=\"text-align: center;\"><a href=\"https:\/\/sp12plock.pl\/wp-content\/uploads\/2021\/09\/Instrukca-logowania-.pptx\" target=\"_blank\" rel=\"noopener\">Instrukcja logowania<\/a><\/h3>\n<hr \/>\n<h3 style=\"text-align: center;\"><a href=\"https:\/\/sp12plock.pl\/wp-content\/uploads\/2020\/09\/Ubezpieczenie-grupowe-NNW-Twoje-Dziecko-.pdf\" target=\"_blank\" rel=\"noopener noreferrer\">Ubezpieczenie dzieci na rok 2020\/2021<\/a><\/h3>\n<h3 style=\"text-align: center;\"><a href=\"https:\/\/sp12plock.pl\/wp-content\/uploads\/2020\/09\/1.-OWU_Twoje_Dziecko_z_karta_2019-11-12-1.pdf\" target=\"_blank\" rel=\"noopener noreferrer\">Dokument zawieraj\u0105cy informacj\u0119 o produkcie ubezpieczeniowym<\/a><\/h3>\n<h3 style=\"text-align: center;\"><a href=\"https:\/\/sp12plock.pl\/wp-content\/uploads\/2020\/09\/Instrukca-logowania-.pptx\" target=\"_blank\" rel=\"noopener noreferrer\">Instrukcja logowania<\/a><\/h3>\n<h3 style=\"text-align: center;\">Link do formularza elektronicznego, kt\u00f3ry umo\u017cliwi do\u0142\u0105czenie dziecka do ubezpieczenia:<\/h3>\n<h4 style=\"text-align: center;\"><a href=\"https:\/\/twojedziecko.aviva.pl\/start\/?token=6970FCA8D5BE8263313ED1E89CB8C7799D8F7909\" target=\"_blank\" rel=\"noopener noreferrer\">https:\/\/twojedziecko.aviva.pl\/start\/?token=6970FCA8D5BE8263313ED1E89CB8C7799D8F7909<\/a><\/h4>\n<hr \/>\n<h3 style=\"text-align: center;\"><strong>Ubezpieczenie dzieci na rok szkolny 2019\/2020<\/strong><\/h3>\n<h3 style=\"text-align: center;\"><a href=\"http:\/\/sp12plock.pl\/wp-content\/uploads\/2019\/09\/NNW-Twoje-Dziecko-Zakres-Ubezpieczenia-2019.pdf\" target=\"_blank\" rel=\"noopener\">Zakres ubezpieczenia NNW Twoje Dziecko Aviva 2019<\/a><\/h3>\n<h3 style=\"text-align: center;\"><a href=\"http:\/\/sp12plock.pl\/wp-content\/uploads\/2019\/09\/OWU-Twoje-Dziecko-z-karta-IDD.pdf\" target=\"_blank\" rel=\"noopener\">Dokument zawieraj\u0105cy informacje o produkcie ubezpieczeniowym<\/a><\/h3>\n<p>&nbsp;<\/p>\n<hr \/>\n<h3 style=\"text-align: center;\"><strong>Ubezpieczenie dzieci na rok szkolny 2018\/2019<\/strong><\/h3>\n<h3 style=\"text-align: center;\"><a href=\"http:\/\/sp12plock.pl\/wp-content\/uploads\/2020\/03\/Zakres-i-warunki-ubezpieczenia-Aviva-dla-uczniow-i-przedszkolakow.pdf\" target=\"_blank\" rel=\"noopener noreferrer\">Zakres i warunki ubezpieczenia Aviva dla uczni\u00f3w i przedszkolak\u00f3w<\/a><\/h3>\n<h3 style=\"text-align: center;\"><a href=\"http:\/\/sp12plock.pl\/wp-content\/uploads\/2018\/09\/OWU-Grono.pdf\" target=\"_blank\" rel=\"noopener noreferrer\">Informacja o postanowieniach z wzorca umownego UBEZPIECZENIA NAST\u0118PSTW NIESZCZ\u0118\u015aLIWYCH WYPADK\u00d3W GRONO NR 3\/12<\/a><\/h3>\n<h3 style=\"text-align: center;\"><a href=\"http:\/\/sp12plock.pl\/wp-content\/uploads\/2018\/09\/Tabele_procentowego_uszczerbku_na_zdrowiu_NW.pdf\" target=\"_blank\" rel=\"noopener noreferrer\">Tabela procentowego uszczerbku na zdrowiu wskutek nieszcz\u0119\u015bliwego wypadku<\/a><\/h3>\n<hr \/>\n<h3 style=\"text-align: center;\"><a href=\"http:\/\/sp12plock.pl\/wp-content\/uploads\/2018\/09\/ubezpieczenie.pdf\" target=\"_blank\" rel=\"noopener\"><strong>Ubezpieczenie dzieci na rok szkolny 2017\/2018<\/strong><\/a><\/h3>\n","protected":false},"excerpt":{"rendered":"<p>Ubezpieczenie dzieci na rok szkolny 2024\/2025 Jak przej\u015b\u0107 do oferty i kupi\u0107 ubezpieczenie 1. Kliknij w poni\u017cszy przycisk, aby przej\u015b\u0107 do oferty. 2. Zapoznaj si\u0119 z ofert\u0105, wybierz interesuj\u0105cy Ci\u0119 1 z 4 wariant\u00f3w i op\u0142a\u0107 wygodnie sk\u0142adk\u0119 za pomoc\u0105 p\u0142atno\u015bci online. Kliknij poni\u017cej w okno \u201ePrzejd\u017a do oferty\u201d \u00a0w celu zakupu ubezpieczenia: Link Do [&#8230;.] <a href=\"https:\/\/sp12plock.pl\/index.php\/ubezpieczenie-dzieci\/\" class=\"read-more\">Czytaj wi\u0119cej&#8230;<\/a><\/p>\n","protected":false},"author":1,"featured_media":0,"parent":0,"menu_order":0,"comment_status":"closed","ping_status":"closed","template":"","meta":{"footnotes":""},"class_list":["post-144","page","type-page","status-publish","hentry"],"_links":{"self":[{"href":"https:\/\/sp12plock.pl\/index.php\/wp-json\/wp\/v2\/pages\/144","targetHints":{"allow":["GET"]}}],"collection":[{"href":"https:\/\/sp12plock.pl\/index.php\/wp-json\/wp\/v2\/pages"}],"about":[{"href":"https:\/\/sp12plock.pl\/index.php\/wp-json\/wp\/v2\/types\/page"}],"author":[{"embeddable":true,"href":"https:\/\/sp12plock.pl\/index.php\/wp-json\/wp\/v2\/users\/1"}],"replies":[{"embeddable":true,"href":"https:\/\/sp12plock.pl\/index.php\/wp-json\/wp\/v2\/comments?post=144"}],"version-history":[{"count":15,"href":"https:\/\/sp12plock.pl\/index.php\/wp-json\/wp\/v2\/pages\/144\/revisions"}],"predecessor-version":[{"id":25254,"href":"https:\/\/sp12plock.pl\/index.php\/wp-json\/wp\/v2\/pages\/144\/revisions\/25254"}],"wp:attachment":[{"href":"https:\/\/sp12plock.pl\/index.php\/wp-json\/wp\/v2\/media?parent=144"}],"curies":[{"name":"wp","href":"https:\/\/api.w.org\/{rel}","templated":true}]}}