{"id":14852,"date":"2021-09-08T11:08:19","date_gmt":"2021-09-08T09:08:19","guid":{"rendered":"https:\/\/sp12plock.pl\/?page_id=14852"},"modified":"2025-10-02T12:33:15","modified_gmt":"2025-10-02T10:33:15","slug":"procedury-wydawania-dokumentow-szkolnych","status":"publish","type":"page","link":"https:\/\/sp12plock.pl\/index.php\/procedury-wydawania-dokumentow-szkolnych\/","title":{"rendered":"Procedury wydawania dokument\u00f3w szkolnych"},"content":{"rendered":"<h3 style=\"text-align: center;\"><strong>PROCEDURA WYDAWANIA LEGITYMACJI SZKOLNYCH, \u00a0ICH DUPLIKAT\u00d3W ,<\/strong><\/h3>\n<h3 style=\"text-align: center;\"><strong>M-LEGITYMACJI ORAZ \u00a0DUPLIKAT\u00d3W \u015aWIADECTW SZKOLNYCH <\/strong><\/h3>\n<h3 style=\"text-align: center;\"><strong>W SZKOLE PODSTAWOWEJ NR 12 W P\u0141OCKU<\/strong><\/h3>\n<p>&nbsp;<\/p>\n<h3 style=\"text-align: center;\"><strong>I. Zasady wydawania legitymacji szkolnych<\/strong><\/h3>\n<ol>\n<li>Legitymacj\u0119 szkoln\u0105 otrzymuje ucze\u0144 przyj\u0119ty do szko\u0142y po dostarczeniu do sekretariatu zdj\u0119cia. Pierwsza legitymacja szkolna wydawana jest nieodp\u0142atnie w ci\u0105gu 7 dni od momentu dostarczenia zdj\u0119cia.<\/li>\n<li>Wa\u017cno\u015b\u0107 legitymacji szkolnej potwierdza si\u0119 w kolejnych latach szkolnych przez umieszczenie daty wa\u017cno\u015bci i ma\u0142ej piecz\u0119ci urz\u0119dowej szko\u0142y. ( do 30 wrze\u015bnia danego roku kalendarzowego)<\/li>\n<li>Szko\u0142a prowadzi ewidencj\u0119 wydanych legitymacji szkolnych. Numer legitymacji szkolnej odpowiada kolejnemu numerowi ewidencyjnemu.<\/li>\n<\/ol>\n<p>&nbsp;<\/p>\n<h3 style=\"text-align: center;\"><strong>II. Wymiana legitymacji szkolnej<\/strong><\/h3>\n<ol>\n<li>W legitymacjach szkolnych nie dokonuje si\u0119 skre\u015ble\u0144 i poprawek.<\/li>\n<li>W przypadku stwierdzenia b\u0142\u0119du lub zmiany danych osobowych ucznia (imienia, nazwiska) rodzice niepe\u0142noletniego ucznia mog\u0105 wyst\u0105pi\u0107 do dyrektora szko\u0142y z pisemnym wnioskiem o wydanie nowej legitymacji szkolnej.(za\u0142. nr.1)<\/li>\n<li>We wniosku nale\u017cy poda\u0107 przyczyn\u0119 \u017c\u0105dania wymiany legitymacji szkolnej.<\/li>\n<li>Do wniosku nale\u017cy do\u0142\u0105czy\u0107 podpisane aktualne zdj\u0119cie, dokument potwierdzaj\u0105cy fakt zmiany danych ucznia oraz zwr\u00f3ci\u0107 dotychczasow\u0105 legitymacj\u0119 szkoln\u0105<\/li>\n<li>Za wymian\u0119 legitymacji nie pobiera si\u0119 op\u0142aty.<\/li>\n<\/ol>\n<p>&nbsp;<\/p>\n<h3 style=\"text-align: center;\"><strong>III. Zasady wydawania duplikat\u00f3w legitymacji szkolnej<\/strong><\/h3>\n<ol>\n<li>W przypadku utraty orygina\u0142u legitymacji szkolnej ( gdy ulegnie zagubieniu, zniszczeniu lub kradzie\u017cy rodzice ucznia mog\u0105 wyst\u0105pi\u0107 z pisemnym wnioskiem o wydanie duplikatu legitymacji szkolnej -za\u0142. nr.2).<\/li>\n<li>Do wniosku nale\u017cy do\u0142\u0105czy\u0107 aktualne zdj\u0119cie legitymacyjne oraz potwierdzenie wp\u0142aty za duplikat ( op\u0142ata skarbowa w kwocie <strong>9,00 z\u0142<\/strong>. wniesiona na konto bankowe szko\u0142y)<\/li>\n<\/ol>\n<p style=\"text-align: center;\"><strong>Nr konta PKO BP\u00a0 38 1020 3974 0000 5502 0178 2523<\/strong><\/p>\n<p style=\"text-align: center;\">Tytu\u0142 wp\u0142aty:\u00a0\u00a0 op\u0142ata za duplikat legitymacji szkolnej \u2013 imi\u0119 i nazwisko dziecka, klasa<\/p>\n<ol start=\"3\">\n<li>Termin wydania duplikatu legitymacji do 7 dni.<\/li>\n<li>Z chwil\u0105 otrzymania duplikatu traci wa\u017cno\u015b\u0107 orygina\u0142. W przypadku odnalezienia utraconego orygina\u0142u nale\u017cy zwr\u00f3ci\u0107 go do sekretariatu szko\u0142y.<\/li>\n<\/ol>\n<p>&nbsp;<\/p>\n<h3 style=\"text-align: center;\"><strong>IV. m Legitymacja<\/strong><\/h3>\n<p>mLegitymacja to uzupe\u0142nienie fizycznej (papierowej) legitymacji szkolnej \u2013 cyfrowa kopia, wy\u015bwietlana w smartfonie.<\/p>\n<p>mLegitymacja mo\u017ce by\u0107 wystawiona ch\u0119tnemu uczniowi na wniosek jego rodzic\u00f3w. Wniosek sk\u0142ada si\u0119 do szko\u0142y.<\/p>\n<p>Aby korzysta\u0107 z mLegitymacji, ucze\u0144 musi pobra\u0107 na sw\u00f3j telefon bezp\u0142atn\u0105 aplikacj\u0119 rz\u0105dow\u0105 mObywatel.<\/p>\n<p>Mobiln\u0105 legitymacj\u0119 mo\u017ce otrzyma\u0107 ka\u017cdy ucze\u0144, kt\u00f3remu wcze\u015bniej wydano tradycyjn\u0105 wersj\u0119 dokumentu \u2013 jest ona tylko kopi\u0105. W przypadku utraty wa\u017cno\u015bci \u201etradycyjnej\u201d legitymacji, mobilna wersja dokumentu b\u0119dzie uniewa\u017cniana. Szko\u0142a b\u0119dzie mog\u0142a uniewa\u017cni\u0107 dokument tak\u017ce w przypadku utraty mLegitymacji \u2013 z powodu np. uszkodzenia, niepoprawnego dzia\u0142ania, czy zgubienia urz\u0105dzenia mobilnego, w kt\u00f3rym by\u0142a przechowywana.<\/p>\n<p>Uczniowie mog\u0105 korzysta\u0107 z mLegitymacji w tych samych sytuacjach, w kt\u00f3rych obecnie korzystaj\u0105 z tradycyjnych dokument\u00f3w. Nie tylko podczas kontroli bilet\u00f3w, ale tak\u017ce np. przy zak\u0142adaniu karty w bibliotece czy zakupie bilet\u00f3w do kina. mLegitymacja daje prawo do otrzymania dodatkowych, przys\u0142uguj\u0105cych uczniom, zni\u017cek. Jej wydawanie umo\u017cliwia obowi\u0105zuj\u0105ce rozporz\u0105dzenie Ministra Edukacji Narodowej w sprawie \u015bwiadectw, dyplom\u00f3w pa\u0144stwowych i innych druk\u00f3w szkolnych.<\/p>\n<p><strong><u>Procedura wydawania mLegitymacji:<\/u><\/strong><\/p>\n<p>1) Z\u0142o\u017cy\u0107 wniosek do dyrektora szko\u0142y o wydanie mLegitymacji (wniosek dost\u0119pny w sekretariacie lub DO POBRANIA PDF za\u0142. nr 3 )<br \/>\nWnioski prosimy sk\u0142ada\u0107 w sekretariacie szko\u0142y.<\/p>\n<p>2) Wys\u0142a\u0107 na adres e-mail <a href=\"mailto:mlegitymacja@sp12plock.pl\">mlegitymacja@sp12plock.pl<\/a> jako za\u0142\u0105cznik zdj\u0119cie legitymacyjne w formacie JPG lub JPEG w rozmiarze do 5 MB, i wymiarach 496 px (wysoko\u015b\u0107) x 354 px (szeroko\u015b\u0107) \u2013 lub proporcjonalnie wi\u0119kszych , podpisane w nazwie pliku imieniem i nazwiskiem ucznia oraz klas\u0105. W tytule wiadomo\u015bci r\u00f3wnie\u017c nale\u017cy poda\u0107 Imi\u0119 i Nazwisko ucznia oraz klas\u0119.<\/p>\n<p>3) W ci\u0105gu 14 dni od z\u0142o\u017cenia wniosku oraz przes\u0142ania prawid\u0142owego zdj\u0119cia w formie cyfrowej, Szko\u0142a wyda kod QR oraz kod aktywacyjny , potrzebny do korzystania z mLegitymacji.<\/p>\n<p>4) Po otrzymaniu ze szko\u0142y kodu QR oraz kodu aktywacyjnego, nale\u017cy pobra\u0107 aplikacj\u0119 mObywatel, potwierdzi\u0107 regulamin oraz uruchomi\u0107 System na urz\u0105dzeniu (telefonie).<\/p>\n<p>Kod QR oraz kod aktywacyjny jest wa\u017cny 30 dni od dnia wygenerowania.<\/p>\n<p>Aby uruchomi\u0107 mLegitymacj\u0119 uczniowie musz\u0105 posiada\u0107 telefon (lub tablet) z systemem operacyjnym <strong>Android <\/strong>w wersji co najmniej <strong>6.0<\/strong> lub systemem <strong>iOS<\/strong> w\u00a0wersji <strong>12.4<\/strong> lub nowszej.<\/p>\n<p>Je\u017celi ucze\u0144 nie chce dalej korzysta\u0107 z mLegitymacji, mo\u017ce poprosi\u0107 Dyrektora szko\u0142y o jej uniewa\u017cnienie.<\/p>\n<p style=\"text-align: center;\"><strong>W przypadku zgubienia, kradzie\u017cy lub utraty z innych przyczyn urz\u0105dzenia mobilnego, Ucze\u0144 powinien niezw\u0142ocznie dokona\u0107 zg\u0142oszenia tego faktu Dyrektorowi !<\/strong><\/p>\n<p><strong>\u00a0<\/strong><\/p>\n<h3 style=\"text-align: center;\"><strong>V. Wydawanie duplikat\u00f3w \u015bwiadectw szkolnych.<\/strong><\/h3>\n<ol>\n<li>W przypadku utraty orygina\u0142u \u015bwiadectwa rodzice ucznia lub pe\u0142noletni absolwent mo\u017ce wyst\u0105pi\u0107 do dyrektora szko\u0142y z pisemnym wnioskiem o wydanie duplikatu \u015bwiadectwa z podaniem przyczyny ubiegania si\u0119 o duplikat oraz okre\u015bleniem:<br \/>\n&#8211; rodzaju \u015bwiadectwa\u00a0 (uko\u0144czenia szko\u0142y\/ uko\u0144czenia klasy)<br \/>\n&#8211; roku uko\u0144czenia szko\u0142y\/klasy (za\u0142. nr 4 i za\u0142. nr 5)<\/li>\n<li style=\"text-align: center;\">Za wydanie duplikatu \u015bwiadectwa szkolnego pobiera si\u0119 op\u0142at\u0119 w wysoko\u015bci r\u00f3wnej kwocie op\u0142aty skarbowej tj. 26,00 z\u0142. wp\u0142acon\u0105 na numer konta:\u00a0\u00a0\u00a0\u00a0\u00a0\u00a0\u00a0 <strong>PKO BP 38 1020 3974 0000\u00a0 5502 0178 2523<\/strong><\/li>\n<li>Do wniosku nale\u017cy do\u0142\u0105czy\u0107 dow\u00f3d wp\u0142aty<\/li>\n<li>Termin wykonania duplikatu \u015bwiadectwa do 14 dni.<\/li>\n<\/ol>\n<p>Druki wniosk\u00f3w do pobrania w sekretariacie szko\u0142y lub na stronie internetowej plac\u00f3wki.<\/p>\n<h3>Do pobrania:<\/h3>\n<ul>\n<li><strong><a href=\"https:\/\/sp12plock.pl\/wp-content\/uploads\/2021\/09\/podanie-o-legitymacje-szkolna.pdf\" target=\"_blank\" rel=\"noopener\">Podanie o wydanie legitymacji szkolnej (pdf)<\/a><\/strong><\/li>\n<li><strong><a href=\"https:\/\/sp12plock.pl\/wp-content\/uploads\/2021\/09\/podanie-o-duplikat-legit.szkolnej.pdf\" target=\"_blank\" rel=\"noopener\">Podanie o wydanie duplikatu legitymacji szkolnej (pdf)<\/a><\/strong><\/li>\n<li><strong><a href=\"https:\/\/sp12plock.pl\/wp-content\/uploads\/2021\/09\/Wydanie-legitymacji-szkolnej-lub-jej-duplikatu-KLAUZULA.pdf\" target=\"_blank\" rel=\"noopener\">Klauzula informacyjna do wniosku o wydanie legitymacji szkolnej lub jej duplikatu <\/a><\/strong><\/li>\n<li><strong><a href=\"https:\/\/sp12plock.pl\/wp-content\/uploads\/2021\/09\/wniosek-mlegitymacja.pdf\" target=\"_blank\" rel=\"noopener\">Wniosek o wydanie mLegitymacji<\/a><\/strong><\/li>\n<li><strong><a href=\"https:\/\/sp12plock.pl\/wp-content\/uploads\/2021\/09\/podanie-o-duplikatu-swiadectwa-promocyjnego.pdf\" target=\"_blank\" rel=\"noopener\">Podanie o wydanie duplikatu \u015bwiadectwa szkolnego<\/a><\/strong><\/li>\n<li><strong><a href=\"https:\/\/sp12plock.pl\/wp-content\/uploads\/2021\/09\/podanie-o-duplikatu-swiadectwa.pdf\" target=\"_blank\" rel=\"noopener\">Podanie o wydanie duplikatu \u015bwiadectwa uko\u0144czenia szko\u0142y podstawowej<\/a><\/strong><\/li>\n<li><a href=\"https:\/\/sp12plock.pl\/wp-content\/uploads\/2021\/09\/Wydanie-duplikatu-swiadectwa-KLAUZULA.pdf\" target=\"_blank\" rel=\"noopener\"><strong>Klauzula informacyjna do wniosku o wydanie duplikatu \u015bwiadectwa szkolnego\/\u015bwiadectwa uko\u0144czenia szko\u0142y podstawowej<\/strong><\/a><\/li>\n<li><strong><a href=\"https:\/\/sp12plock.pl\/wp-content\/uploads\/2025\/10\/sprzeciw-mLegitymacja.pdf\">Wz\u00f3r formularza sprzeciwu<\/a><\/strong><\/li>\n<\/ul>\n","protected":false},"excerpt":{"rendered":"<p>PROCEDURA WYDAWANIA LEGITYMACJI SZKOLNYCH, \u00a0ICH DUPLIKAT\u00d3W , M-LEGITYMACJI ORAZ \u00a0DUPLIKAT\u00d3W \u015aWIADECTW SZKOLNYCH W SZKOLE PODSTAWOWEJ NR 12 W P\u0141OCKU &nbsp; I. Zasady wydawania legitymacji szkolnych Legitymacj\u0119 szkoln\u0105 otrzymuje ucze\u0144 przyj\u0119ty do szko\u0142y po dostarczeniu do sekretariatu zdj\u0119cia. Pierwsza legitymacja szkolna wydawana jest nieodp\u0142atnie w ci\u0105gu 7 dni od momentu dostarczenia zdj\u0119cia. Wa\u017cno\u015b\u0107 legitymacji szkolnej potwierdza [&#8230;.] <a href=\"https:\/\/sp12plock.pl\/index.php\/procedury-wydawania-dokumentow-szkolnych\/\" class=\"read-more\">Czytaj wi\u0119cej&#8230;<\/a><\/p>\n","protected":false},"author":5,"featured_media":0,"parent":0,"menu_order":0,"comment_status":"closed","ping_status":"closed","template":"","meta":{"footnotes":""},"class_list":["post-14852","page","type-page","status-publish","hentry"],"_links":{"self":[{"href":"https:\/\/sp12plock.pl\/index.php\/wp-json\/wp\/v2\/pages\/14852","targetHints":{"allow":["GET"]}}],"collection":[{"href":"https:\/\/sp12plock.pl\/index.php\/wp-json\/wp\/v2\/pages"}],"about":[{"href":"https:\/\/sp12plock.pl\/index.php\/wp-json\/wp\/v2\/types\/page"}],"author":[{"embeddable":true,"href":"https:\/\/sp12plock.pl\/index.php\/wp-json\/wp\/v2\/users\/5"}],"replies":[{"embeddable":true,"href":"https:\/\/sp12plock.pl\/index.php\/wp-json\/wp\/v2\/comments?post=14852"}],"version-history":[{"count":9,"href":"https:\/\/sp12plock.pl\/index.php\/wp-json\/wp\/v2\/pages\/14852\/revisions"}],"predecessor-version":[{"id":29667,"href":"https:\/\/sp12plock.pl\/index.php\/wp-json\/wp\/v2\/pages\/14852\/revisions\/29667"}],"wp:attachment":[{"href":"https:\/\/sp12plock.pl\/index.php\/wp-json\/wp\/v2\/media?parent=14852"}],"curies":[{"name":"wp","href":"https:\/\/api.w.org\/{rel}","templated":true}]}}