{"id":1612,"date":"2018-06-13T07:58:12","date_gmt":"2018-06-13T05:58:12","guid":{"rendered":"http:\/\/sp12plock.pl\/?page_id=1612"},"modified":"2023-08-23T12:07:42","modified_gmt":"2023-08-23T10:07:42","slug":"rodo","status":"publish","type":"page","link":"https:\/\/sp12plock.pl\/index.php\/rodo\/","title":{"rendered":"RODO"},"content":{"rendered":"<p style=\"text-align: center;\"><strong>KLAUZULA INFORMACYJNA<\/strong><br \/>\nRealizuj\u0105c obowi\u0105zek wynikaj\u0105cy z art. 13 rozporz\u0105dzenia Parlamentu Europejskiego i Rady (UE) 2016\/679 z dnia 27 kwietnia 2016 r. w sprawie ochrony os\u00f3b fizycznych w zwi\u0105zku z przetwarzaniem danych osobowych i w sprawie swobodnego przep\u0142ywu takich danych oraz uchylenia dyrektywy 95\/46\/WE (Dz. U. UE. L. 2016. 119. 1) \u2013 dalej jako RODO, informujemy, \u017ce:<\/p>\n<p><span style=\"color: #00ccff;\"><strong>1. Kto przetwarza Twoje dane?<\/strong><\/span><br \/>\nAdministratorem danych osobowych jest Szko\u0142a Podstawowa Nr 12 im. Miry Zimi\u0144skiej-Sygiety\u0144skiej, adres: ul. Brzozowa 3 09-402 P\u0142ock, NIP: 774-26-64-029 REGON: 000903469, tel. 24 364 31 90, e-mail: sp12plock@go2.pl (zw. dalej \u201eSP 12\u201d), reprezentowana\/-y przez dyrektora.<br \/>\nPowierzone dane s\u0105 wykorzystywane wy\u0142\u0105cznie dla potrzeb szko\u0142y i nie s\u0105 udost\u0119pniane innym podmiotom w celach marketingowych. Dane te nie s\u0105 te\u017c przekazywane do pa\u0144stw trzecich oraz organizacji mi\u0119dzynarodowych.<\/p>\n<p><span style=\"color: #00ccff;\"><strong>2. Sk\u0105d \u201eSP 12\u201dma Twoje dane osobowe i dane osobowe Twojego dziecka?<\/strong><\/span><br \/>\nDane osobowe ucznia i jego rodzic\u00f3w\/opiekun\u00f3w prawnych zosta\u0142y przekazane podczas wype\u0142niania wniosku<br \/>\no przyj\u0119cie ucznia do szko\u0142y wraz za\u0142\u0105cznikami. Co do zasady podanie danych jest wymogiem ustawowym i warunkiem koniecznym do realizacji zada\u0144 i obowi\u0105zk\u00f3w wynikaj\u0105cych z przepis\u00f3w prawa.<br \/>\nZa\u015b podanie przez rodzica\/opiekuna prawnego ucznia innych, uznanych przez niego za istotne danych o stanie zdrowia, stosowanej diecie i rozwoju psychofizycznym dziecka jest dobrowolne, jednak\u017ce tak\u017ce niezb\u0119dne<br \/>\ndo realizacji zada\u0144 i obowi\u0105zk\u00f3w wynikaj\u0105cych z przepis\u00f3w prawa.<\/p>\n<p><span style=\"color: #00ccff;\"><strong>3. W jakim celu \u201eSP 12\u201d przetwarza moje dane osobowe?<\/strong><\/span><br \/>\nDane osobowe b\u0119d\u0105 przetwarzane przez szko\u0142\u0119 w celu realizacji zada\u0144 wychowawczych, dydaktycznych i opieku\u0144czych oraz innych zada\u0144 i obowi\u0105zk\u00f3w wynikaj\u0105cych z przepis\u00f3w prawa.<br \/>\nPodstaw\u0105 przetwarzania przez administratora danych osobowych ucznia oraz jego rodzic\u00f3w\/opiekun\u00f3w prawnych jest:<br \/>\n\u2022 art. 6 ust. 1 lit. a RODO (zgoda wyra\u017cona przez rodzica\/opiekuna prawnego lub pe\u0142noletniego ucznia)<br \/>\nw zw. z art. 81 ustawy z dnia 4 lutego 1994 r. o prawie autorskim i prawach pokrewnych (t. j. Dz. U.<br \/>\nz 2022 r. poz. 2509);<br \/>\n\u2022 art. 6 ust. 1 lit. b RODO (przetwarzanie jest niezb\u0119dne do zawarcia i wykonania umowy na \u017cywienie),<br \/>\n\u2022 art. 6 ust. 1 lit. c RODO (obowi\u0105zek prawny ci\u0105\u017c\u0105cy na administratorze), art. 6 ust. 1 lit. e RODO (wykonanie zadania realizowanego w interesie publicznym lub w ramach sprawowania w\u0142adzy publicznej powierzonej administratorowi), oraz art. 9 ust. 2 lit. g RODO (wa\u017cny interes publiczny) w zw. z art. 13b ustawy z dnia 7 wrze\u015bnia 1991 r. o systemie o\u015bwiaty (t. j. Dz. U. z 2022 r. poz. 2230), art. 30a ustawy z dnia 14 grudnia 2016 r. Prawo o\u015bwiatowe (t. j. Dz. U. z 2023 r., poz. 900) oraz aktami wykonawczymi do ww. ustaw.<\/p>\n<p><span style=\"color: #00ccff;\"><strong>4. Jakie dane osobowe s\u0105 przetwarzane przez \u201eSP 12\u201d?<\/strong><\/span><br \/>\na) dane identyfikacyjne ucznia, takie jak: imi\u0119, nazwisko, nr PESEL, data urodzenia, adres zamieszkania,<br \/>\nb) inne niezb\u0119dne informacje na temat potrzeb opieku\u0144czo-wychowawczych i edukacyjnych ucznia, kt\u00f3re rodzic\/opiekun prawny przekazuje dyrektorowi szko\u0142y\/plac\u00f3wki w celu zapewnienia odpowiedniej opieki, od\u017cywiania oraz metod opieku\u0144czo &#8211; wychowawczych,<br \/>\nc) dane identyfikacyjne rodzic\u00f3w\/opiekun\u00f3w prawnych ucznia, takie jak: imiona i nazwiska, adresy zamieszkania, numery telefon\u00f3w, adresy poczty elektronicznej,<br \/>\nd) informacje dotycz\u0105ce frekwencji ucznia na zaj\u0119ciach szkolnych, informacje o wynikach edukacyjnych ucznia i jego zachowaniu, informacje na temat jego rozwoju,<br \/>\ne) informacje o wynikach i osi\u0105gni\u0119ciach ucznia w konkursach\/olimpiadach, zawodach mi\u0119dzyszkolnych<br \/>\ni innych wydarzeniach edukacyjnych, kulturalnych czy sportowych,<br \/>\nf) wizerunek ucznia zarejestrowany poprzez instalacj\u0119 monitoringu wizyjnego w budynku\/wok\u00f3\u0142 budynku szko\u0142y w zwi\u0105zku z zapewnieniem bezpiecze\u0144stwa uczni\u00f3w i pracownik\u00f3w lub ochron\u0105 mienia,<br \/>\ng) wizerunek ucznia utrwalony przy okazji prowadzania dokumentacji fotograficznej i video na podstawie zgody wyra\u017conej przez rodzic\u00f3w\/opiekun\u00f3w prawnych ucznia lub ucznia pe\u0142noletniego.<\/p>\n<p><span style=\"color: #00ccff;\"><strong>5. Komu \u201eSP 12\u201d przekazuje dane osobowe?<\/strong><\/span><br \/>\nOdbiorcami danych osobowych b\u0119d\u0105 podmioty do tego uprawnione na podstawie przepis\u00f3w prawa, b\u0105d\u017a<br \/>\nw zwi\u0105zku z konieczno\u015bci\u0105 wype\u0142nienia obowi\u0105zku prawnego na nich ci\u0105\u017c\u0105cego. Administrator mo\u017ce r\u00f3wnie\u017c udost\u0119pnia\u0107 dane osobowe podmiotom realizuj\u0105cym cele administratora na podstawie jego polecenia<br \/>\noraz zawartych um\u00f3w powierzenia przetwarzania danych osobowych, np. dostawcom us\u0142ug teleinformatycznych (hosting, dostarczanie lub utrzymanie system\u00f3w informatycznych), dostawcom us\u0142ug ksi\u0119gowych, prawnych<br \/>\ni doradczych.<\/p>\n<p><span style=\"color: #00ccff;\"><strong>6. Jak d\u0142ugo \u201eSP 12\u201d przechowuje Twoje dane?<\/strong><\/span><br \/>\nDane osobowe pozyskiwane przez administratora danych b\u0119d\u0105 przechowywane przez okres wynikaj\u0105cy<br \/>\nz przyj\u0119tej w szkole\/plac\u00f3wce Instrukcji kancelaryjnej oraz Jednolitego Rzeczowego Wykazu Akt. Za\u015b dane osobowe przetwarzane na podstawie zgody b\u0119d\u0105 przechowywane do momentu wycofania zgody.<\/p>\n<p><span style=\"color: #00ccff;\"><strong>7. Jakie s\u0105 Twoje prawa?<\/strong><\/span><br \/>\nMasz prawo do:<br \/>\na) dost\u0119pu do swoich danych \u2013 korzystaj\u0105c z tego prawa osoba, kt\u00f3rej dane dotycz\u0105 ma mo\u017cliwo\u015b\u0107 uzyskania informacji o tym czy jej dane s\u0105 przetwarzane, a je\u015bli tak to w jakim zakresie, w jakim celu oraz w jaki spos\u00f3b;<br \/>\nb) kopii swoich danych \u2013 administrator dostarcza osobie, kt\u00f3rej dane dotycz\u0105, kopi\u0119 danych osobowych podlegaj\u0105cych przetwarzaniu. Za wszelkie kolejne kopie, o kt\u00f3re zwr\u00f3ci si\u0119 osoba, kt\u00f3rej dane dotycz\u0105, administrator mo\u017ce pobra\u0107 op\u0142at\u0119 w rozs\u0105dnej wysoko\u015bci wynikaj\u0105cej z koszt\u00f3w administracyjnych.<br \/>\nJe\u015bli osoba, kt\u00f3rej dane dotycz\u0105, zwraca si\u0119 o kopi\u0119 drog\u0105 elektroniczn\u0105 i je\u017celi nie zaznaczy inaczej, informacji udziela si\u0119 w powszechnie stosowanej formie elektronicznej;<br \/>\nc) sprostowania danych \u2013 korzystaj\u0105c z tego prawa osoba, kt\u00f3rej dane dotycz\u0105 mo\u017ce \u017c\u0105da\u0107 poprawienia<br \/>\nlub uzupe\u0142nienia tre\u015bci swoich danych np. w przypadku gdy dane lub ich tre\u015b\u0107 zosta\u0142y b\u0142\u0119dnie zebrane;<br \/>\nd) usuni\u0119cia danych &#8211; korzystaj\u0105c z tego prawa osoba, kt\u00f3rej dane dotycz\u0105 mo\u017ce \u017c\u0105da\u0107 usuni\u0119cia jej danych; prawo to nie mo\u017ce by\u0107 zrealizowane w sytuacji, gdy przetwarzanie jest niezb\u0119dne do cel\u00f3w zwi\u0105zanych<br \/>\nz wywi\u0105zywaniem si\u0119 z prawnych obowi\u0105zk\u00f3w administratora, w celu wykonania zadania realizowanego<br \/>\nw interesie publicznym lub w ramach w\u0142adzy publicznej powierzonej administratorowi;<br \/>\ne) ograniczenia przetwarzania &#8211; korzystaj\u0105c z tego prawa osoba, kt\u00f3rej dane dotycz\u0105 mo\u017ce w okre\u015blonych przypadkach \u017c\u0105da\u0107 ograniczenia przetwarzania jej danych. Po otrzymaniu takiego \u017c\u0105dania Administrator jest zobowi\u0105zany ograniczy\u0107 przetwarzanie danych do ich przechowywania, chyba \u017ce wyka\u017ce niezasadno\u015b\u0107 takiego \u017c\u0105dania lub ustanie przes\u0142anek uzasadniaj\u0105cych ograniczenie przetwarzania;<br \/>\nf) przenoszenia danych \u2013 to prawo osoby, kt\u00f3rej dane dotycz\u0105 ma zastosowanie jedynie w przypadkach, je\u017celi jej dane s\u0105 przetwarzane na podstawie zgody lub umowy, a przetwarzanie ma charakter zautomatyzowany;<br \/>\ng) wniesienia sprzeciwu \u2013 korzystaj\u0105c z tego prawa osoba, kt\u00f3rej dane dotycz\u0105 mo\u017ce w dowolnym momencie wnie\u015b\u0107 sprzeciw wobec przetwarzania jej danych. Prawo to przys\u0142uguje jedynie w przypadku, gdy jej dane s\u0105 przetwarzane na podstawie art. 6 ust. 1 lit. e) lub f) RODO (wykonanie zadania realizowanego w interesie publicznym lub w ramach sprawowania w\u0142adzy publicznej powierzonej administratorowi lub prawnie uzasadniony interes administratora);<br \/>\nh) cofni\u0119cia zgody na przetwarzanie danych &#8211; w dowolnym momencie bez wp\u0142ywu na zgodno\u015b\u0107 z prawem przetwarzania, kt\u00f3rego dokonano na podstawie zgody przed jej wycofaniem;<br \/>\ni) z\u0142o\u017cenia skargi do Prezesa Urz\u0119du Ochrony Danych Osobowych (ul. Stawki 2, 00-193 Warszawa), je\u015bli uzna Pani\/Pan, \u017ce dane s\u0105 przetwarzane niezgodnie z prawem.<br \/>\nTwoje dane nie b\u0119d\u0105 przetwarzane w spos\u00f3b zautomatyzowany, w tym r\u00f3wnie\u017c nie b\u0119d\u0105 podlega\u0142y profilowaniu.<\/p>\n<p><span style=\"color: #00ccff;\"><strong>8. Z kim mo\u017cna si\u0119 kontaktowa\u0107 w sprawie danych osobowych?<\/strong><\/span><br \/>\nW sprawach zwi\u0105zanych z ochron\u0105 danych osobowych mo\u017cna kontaktowa\u0107 si\u0119 z Inspektorem Ochrony Danych: El\u017cbiet\u0105 Witusk\u0105 pod adresem e \u2013 mail: iod@zjoplock.pl lub elzbieta.wituska@zjoplock.pl oraz tel. 24 367 89 34.<\/p>\n","protected":false},"excerpt":{"rendered":"<p>KLAUZULA INFORMACYJNA Realizuj\u0105c obowi\u0105zek wynikaj\u0105cy z art. 13 rozporz\u0105dzenia Parlamentu Europejskiego i Rady (UE) 2016\/679 z dnia 27 kwietnia 2016 r. w sprawie ochrony os\u00f3b fizycznych w zwi\u0105zku z przetwarzaniem danych osobowych i w sprawie swobodnego przep\u0142ywu takich danych oraz uchylenia dyrektywy 95\/46\/WE (Dz. U. UE. L. 2016. 119. 1) \u2013 dalej jako RODO, informujemy, [&#8230;.] <a href=\"https:\/\/sp12plock.pl\/index.php\/rodo\/\" class=\"read-more\">Czytaj wi\u0119cej&#8230;<\/a><\/p>\n","protected":false},"author":1,"featured_media":0,"parent":0,"menu_order":0,"comment_status":"closed","ping_status":"closed","template":"","meta":{"footnotes":""},"class_list":["post-1612","page","type-page","status-publish","hentry"],"_links":{"self":[{"href":"https:\/\/sp12plock.pl\/index.php\/wp-json\/wp\/v2\/pages\/1612","targetHints":{"allow":["GET"]}}],"collection":[{"href":"https:\/\/sp12plock.pl\/index.php\/wp-json\/wp\/v2\/pages"}],"about":[{"href":"https:\/\/sp12plock.pl\/index.php\/wp-json\/wp\/v2\/types\/page"}],"author":[{"embeddable":true,"href":"https:\/\/sp12plock.pl\/index.php\/wp-json\/wp\/v2\/users\/1"}],"replies":[{"embeddable":true,"href":"https:\/\/sp12plock.pl\/index.php\/wp-json\/wp\/v2\/comments?post=1612"}],"version-history":[{"count":27,"href":"https:\/\/sp12plock.pl\/index.php\/wp-json\/wp\/v2\/pages\/1612\/revisions"}],"predecessor-version":[{"id":21704,"href":"https:\/\/sp12plock.pl\/index.php\/wp-json\/wp\/v2\/pages\/1612\/revisions\/21704"}],"wp:attachment":[{"href":"https:\/\/sp12plock.pl\/index.php\/wp-json\/wp\/v2\/media?parent=1612"}],"curies":[{"name":"wp","href":"https:\/\/api.w.org\/{rel}","templated":true}]}}