{"id":22541,"date":"2023-11-30T12:41:46","date_gmt":"2023-11-30T11:41:46","guid":{"rendered":"https:\/\/sp12plock.pl\/?page_id=22541"},"modified":"2024-03-13T07:57:46","modified_gmt":"2024-03-13T06:57:46","slug":"wykorzystanie-sprzetu-wrzesien-listopad-2023","status":"publish","type":"page","link":"https:\/\/sp12plock.pl\/index.php\/wykorzystanie-sprzetu-wrzesien-listopad-2023\/","title":{"rendered":"Wykorzystanie sprz\u0119tu, wrzesie\u0144 &#8211; listopad 2023"},"content":{"rendered":"<p><b><span data-contrast=\"auto\">Laboratoria Przysz\u0142o\u015bci \u2013 wykorzystanie sprz\u0119tu wrzesie\u0144 \u2013 listopad 2023\u00a0<\/span><\/b><span data-ccp-props=\"{&quot;134233117&quot;:true,&quot;201341983&quot;:0,&quot;335559739&quot;:159,&quot;335559740&quot;:256}\">\u00a0<\/span><\/p>\n<p><span data-ccp-props=\"{&quot;201341983&quot;:0,&quot;335559739&quot;:160,&quot;335559740&quot;:259}\">\u00a0<\/span><\/p>\n<p><span data-contrast=\"auto\">Uczniowie klas pierwszych w pierwszym p\u00f3\u0142roczu korzystali ze sprz\u0119tu zakupionego w ramach projektu #Laboratoria Przysz\u0142o\u015bci. Programowani roboty edukacyjne Photon oraz poznali aplikacje z nimi wsp\u00f3\u0142pracuj\u0105ce. Budowali tak\u017ce konstrukcje z klock\u00f3w edukacyjnych SkriKit+. Zawieraj\u0105 one ponad 270 element\u00f3w konstrukcyjnych. SkriKit rozwija nie tylko umiej\u0119tno\u015bci manualne, ale tak\u017ce my\u015blenie i wyobra\u017ani\u0119 przestrzenn\u0105. Mo\u017cliwo\u015b\u0107 z\u0142o\u017cenia konstrukcji w\u0142asnor\u0119cznie pozytywnie wp\u0142ywa na rozw\u00f3j zdolno\u015bci koncentracji, planowania i organizacji miejsca pracy, planowania i wykorzystania r\u00f3\u017cnego rodzaju po\u0142\u0105cze\u0144 element\u00f3w konstrukcyjnych w praktyce.<\/span><span data-ccp-props=\"{&quot;201341983&quot;:0,&quot;335559739&quot;:160,&quot;335559740&quot;:259}\">\u00a0<\/span><\/p>\n<p><i><span data-contrast=\"none\">#LaboratoriaPrzysz\u0142o\u015bci\u00a0<\/span><\/i><span data-ccp-props=\"{&quot;134233117&quot;:true,&quot;201341983&quot;:0,&quot;335559739&quot;:0,&quot;335559740&quot;:240}\">\u00a0<\/span><\/p>\n<p><i><span data-contrast=\"none\">#LaboratoriaPrzyszlos<\/span><\/i><i><span data-contrast=\"none\">ci<\/span><\/i><span data-ccp-props=\"{&quot;201341983&quot;:0,&quot;335559739&quot;:160,&quot;335559740&quot;:259}\">\u00a0<\/span><\/p>\n<div id='gallery-1' class='gallery galleryid-22541 gallery-columns-3 gallery-size-thumbnail'><figure class='gallery-item'>\n\t\t\t<div class='gallery-icon landscape'>\n\t\t\t\t<a href='https:\/\/sp12plock.pl\/wp-content\/uploads\/2023\/11\/20231114_082651.jpg' title=\"\" data-rl_title=\"\" class=\"rl-gallery-link\" data-rl_caption=\"\" data-rel=\"lightbox-gallery-1\"><img loading=\"lazy\" decoding=\"async\" width=\"150\" height=\"150\" src=\"https:\/\/sp12plock.pl\/wp-content\/uploads\/2023\/11\/20231114_082651-150x150.jpg\" class=\"attachment-thumbnail size-thumbnail\" alt=\"\" \/><\/a>\n\t\t\t<\/div><\/figure><figure class='gallery-item'>\n\t\t\t<div class='gallery-icon landscape'>\n\t\t\t\t<a href='https:\/\/sp12plock.pl\/wp-content\/uploads\/2023\/11\/20231114_082659.jpg' title=\"\" data-rl_title=\"\" class=\"rl-gallery-link\" data-rl_caption=\"\" data-rel=\"lightbox-gallery-1\"><img loading=\"lazy\" decoding=\"async\" width=\"150\" height=\"150\" src=\"https:\/\/sp12plock.pl\/wp-content\/uploads\/2023\/11\/20231114_082659-150x150.jpg\" class=\"attachment-thumbnail size-thumbnail\" alt=\"\" \/><\/a>\n\t\t\t<\/div><\/figure><figure class='gallery-item'>\n\t\t\t<div class='gallery-icon landscape'>\n\t\t\t\t<a href='https:\/\/sp12plock.pl\/wp-content\/uploads\/2023\/11\/20231114_082704.jpg' title=\"\" data-rl_title=\"\" class=\"rl-gallery-link\" data-rl_caption=\"\" data-rel=\"lightbox-gallery-1\"><img loading=\"lazy\" decoding=\"async\" width=\"150\" height=\"150\" src=\"https:\/\/sp12plock.pl\/wp-content\/uploads\/2023\/11\/20231114_082704-150x150.jpg\" class=\"attachment-thumbnail size-thumbnail\" alt=\"\" \/><\/a>\n\t\t\t<\/div><\/figure><figure class='gallery-item'>\n\t\t\t<div class='gallery-icon portrait'>\n\t\t\t\t<a href='https:\/\/sp12plock.pl\/wp-content\/uploads\/2023\/11\/20231114_083027.jpg' title=\"\" data-rl_title=\"\" class=\"rl-gallery-link\" data-rl_caption=\"\" data-rel=\"lightbox-gallery-1\"><img loading=\"lazy\" decoding=\"async\" width=\"150\" height=\"150\" src=\"https:\/\/sp12plock.pl\/wp-content\/uploads\/2023\/11\/20231114_083027-150x150.jpg\" class=\"attachment-thumbnail size-thumbnail\" alt=\"\" \/><\/a>\n\t\t\t<\/div><\/figure><figure class='gallery-item'>\n\t\t\t<div class='gallery-icon portrait'>\n\t\t\t\t<a href='https:\/\/sp12plock.pl\/wp-content\/uploads\/2023\/11\/20231114_083038.jpg' title=\"\" data-rl_title=\"\" class=\"rl-gallery-link\" data-rl_caption=\"\" data-rel=\"lightbox-gallery-1\"><img loading=\"lazy\" decoding=\"async\" width=\"150\" height=\"150\" src=\"https:\/\/sp12plock.pl\/wp-content\/uploads\/2023\/11\/20231114_083038-150x150.jpg\" class=\"attachment-thumbnail size-thumbnail\" alt=\"\" \/><\/a>\n\t\t\t<\/div><\/figure><figure class='gallery-item'>\n\t\t\t<div class='gallery-icon portrait'>\n\t\t\t\t<a href='https:\/\/sp12plock.pl\/wp-content\/uploads\/2023\/11\/20231114_083046.jpg' title=\"\" data-rl_title=\"\" class=\"rl-gallery-link\" data-rl_caption=\"\" data-rel=\"lightbox-gallery-1\"><img loading=\"lazy\" decoding=\"async\" width=\"150\" height=\"150\" src=\"https:\/\/sp12plock.pl\/wp-content\/uploads\/2023\/11\/20231114_083046-150x150.jpg\" class=\"attachment-thumbnail size-thumbnail\" alt=\"\" \/><\/a>\n\t\t\t<\/div><\/figure><figure class='gallery-item'>\n\t\t\t<div class='gallery-icon portrait'>\n\t\t\t\t<a href='https:\/\/sp12plock.pl\/wp-content\/uploads\/2023\/11\/20231114_083053.jpg' title=\"\" data-rl_title=\"\" class=\"rl-gallery-link\" data-rl_caption=\"\" data-rel=\"lightbox-gallery-1\"><img loading=\"lazy\" decoding=\"async\" width=\"150\" height=\"150\" src=\"https:\/\/sp12plock.pl\/wp-content\/uploads\/2023\/11\/20231114_083053-150x150.jpg\" class=\"attachment-thumbnail size-thumbnail\" alt=\"\" \/><\/a>\n\t\t\t<\/div><\/figure><figure class='gallery-item'>\n\t\t\t<div class='gallery-icon portrait'>\n\t\t\t\t<a href='https:\/\/sp12plock.pl\/wp-content\/uploads\/2023\/11\/20231114_083058.jpg' title=\"\" data-rl_title=\"\" class=\"rl-gallery-link\" data-rl_caption=\"\" data-rel=\"lightbox-gallery-1\"><img loading=\"lazy\" decoding=\"async\" width=\"150\" height=\"150\" src=\"https:\/\/sp12plock.pl\/wp-content\/uploads\/2023\/11\/20231114_083058-150x150.jpg\" class=\"attachment-thumbnail size-thumbnail\" alt=\"\" \/><\/a>\n\t\t\t<\/div><\/figure><figure class='gallery-item'>\n\t\t\t<div class='gallery-icon portrait'>\n\t\t\t\t<a href='https:\/\/sp12plock.pl\/wp-content\/uploads\/2023\/11\/20231114_083102.jpg' title=\"\" data-rl_title=\"\" class=\"rl-gallery-link\" data-rl_caption=\"\" data-rel=\"lightbox-gallery-1\"><img loading=\"lazy\" decoding=\"async\" width=\"150\" height=\"150\" src=\"https:\/\/sp12plock.pl\/wp-content\/uploads\/2023\/11\/20231114_083102-150x150.jpg\" class=\"attachment-thumbnail size-thumbnail\" alt=\"\" \/><\/a>\n\t\t\t<\/div><\/figure><figure class='gallery-item'>\n\t\t\t<div class='gallery-icon portrait'>\n\t\t\t\t<a href='https:\/\/sp12plock.pl\/wp-content\/uploads\/2023\/11\/20231114_083110.jpg' title=\"\" data-rl_title=\"\" class=\"rl-gallery-link\" data-rl_caption=\"\" data-rel=\"lightbox-gallery-1\"><img loading=\"lazy\" decoding=\"async\" width=\"150\" height=\"150\" src=\"https:\/\/sp12plock.pl\/wp-content\/uploads\/2023\/11\/20231114_083110-150x150.jpg\" class=\"attachment-thumbnail size-thumbnail\" alt=\"\" \/><\/a>\n\t\t\t<\/div><\/figure><figure class='gallery-item'>\n\t\t\t<div class='gallery-icon portrait'>\n\t\t\t\t<a href='https:\/\/sp12plock.pl\/wp-content\/uploads\/2023\/11\/20231115_120526.jpg' title=\"\" data-rl_title=\"\" class=\"rl-gallery-link\" data-rl_caption=\"\" data-rel=\"lightbox-gallery-1\"><img loading=\"lazy\" decoding=\"async\" width=\"150\" height=\"150\" src=\"https:\/\/sp12plock.pl\/wp-content\/uploads\/2023\/11\/20231115_120526-150x150.jpg\" class=\"attachment-thumbnail size-thumbnail\" alt=\"\" \/><\/a>\n\t\t\t<\/div><\/figure><figure class='gallery-item'>\n\t\t\t<div class='gallery-icon portrait'>\n\t\t\t\t<a href='https:\/\/sp12plock.pl\/wp-content\/uploads\/2023\/11\/20231115_120539.jpg' title=\"\" data-rl_title=\"\" class=\"rl-gallery-link\" data-rl_caption=\"\" data-rel=\"lightbox-gallery-1\"><img loading=\"lazy\" decoding=\"async\" width=\"150\" height=\"150\" src=\"https:\/\/sp12plock.pl\/wp-content\/uploads\/2023\/11\/20231115_120539-150x150.jpg\" class=\"attachment-thumbnail size-thumbnail\" alt=\"\" \/><\/a>\n\t\t\t<\/div><\/figure><figure class='gallery-item'>\n\t\t\t<div class='gallery-icon portrait'>\n\t\t\t\t<a href='https:\/\/sp12plock.pl\/wp-content\/uploads\/2023\/11\/20231115_120620.jpg' title=\"\" data-rl_title=\"\" class=\"rl-gallery-link\" data-rl_caption=\"\" data-rel=\"lightbox-gallery-1\"><img loading=\"lazy\" decoding=\"async\" width=\"150\" height=\"150\" src=\"https:\/\/sp12plock.pl\/wp-content\/uploads\/2023\/11\/20231115_120620-150x150.jpg\" class=\"attachment-thumbnail size-thumbnail\" alt=\"\" \/><\/a>\n\t\t\t<\/div><\/figure><figure class='gallery-item'>\n\t\t\t<div class='gallery-icon portrait'>\n\t\t\t\t<a href='https:\/\/sp12plock.pl\/wp-content\/uploads\/2023\/11\/20231115_120638.jpg' title=\"\" data-rl_title=\"\" class=\"rl-gallery-link\" data-rl_caption=\"\" data-rel=\"lightbox-gallery-1\"><img loading=\"lazy\" decoding=\"async\" width=\"150\" height=\"150\" src=\"https:\/\/sp12plock.pl\/wp-content\/uploads\/2023\/11\/20231115_120638-150x150.jpg\" class=\"attachment-thumbnail size-thumbnail\" alt=\"\" \/><\/a>\n\t\t\t<\/div><\/figure><figure class='gallery-item'>\n\t\t\t<div class='gallery-icon portrait'>\n\t\t\t\t<a href='https:\/\/sp12plock.pl\/wp-content\/uploads\/2023\/11\/20231115_120645.jpg' title=\"\" data-rl_title=\"\" class=\"rl-gallery-link\" data-rl_caption=\"\" data-rel=\"lightbox-gallery-1\"><img loading=\"lazy\" decoding=\"async\" width=\"150\" height=\"150\" src=\"https:\/\/sp12plock.pl\/wp-content\/uploads\/2023\/11\/20231115_120645-150x150.jpg\" class=\"attachment-thumbnail size-thumbnail\" alt=\"\" \/><\/a>\n\t\t\t<\/div><\/figure><figure class='gallery-item'>\n\t\t\t<div class='gallery-icon portrait'>\n\t\t\t\t<a href='https:\/\/sp12plock.pl\/wp-content\/uploads\/2023\/11\/20231115_120700.jpg' title=\"\" data-rl_title=\"\" class=\"rl-gallery-link\" data-rl_caption=\"\" data-rel=\"lightbox-gallery-1\"><img loading=\"lazy\" decoding=\"async\" width=\"150\" height=\"150\" src=\"https:\/\/sp12plock.pl\/wp-content\/uploads\/2023\/11\/20231115_120700-150x150.jpg\" class=\"attachment-thumbnail size-thumbnail\" alt=\"\" \/><\/a>\n\t\t\t<\/div><\/figure><figure class='gallery-item'>\n\t\t\t<div class='gallery-icon portrait'>\n\t\t\t\t<a href='https:\/\/sp12plock.pl\/wp-content\/uploads\/2023\/11\/20231115_120717.jpg' title=\"\" data-rl_title=\"\" class=\"rl-gallery-link\" data-rl_caption=\"\" data-rel=\"lightbox-gallery-1\"><img loading=\"lazy\" decoding=\"async\" width=\"150\" height=\"150\" src=\"https:\/\/sp12plock.pl\/wp-content\/uploads\/2023\/11\/20231115_120717-150x150.jpg\" class=\"attachment-thumbnail size-thumbnail\" alt=\"\" \/><\/a>\n\t\t\t<\/div><\/figure><figure class='gallery-item'>\n\t\t\t<div class='gallery-icon portrait'>\n\t\t\t\t<a href='https:\/\/sp12plock.pl\/wp-content\/uploads\/2023\/11\/20231121_081721.jpg' title=\"\" data-rl_title=\"\" class=\"rl-gallery-link\" data-rl_caption=\"\" data-rel=\"lightbox-gallery-1\"><img loading=\"lazy\" decoding=\"async\" width=\"150\" height=\"150\" src=\"https:\/\/sp12plock.pl\/wp-content\/uploads\/2023\/11\/20231121_081721-150x150.jpg\" class=\"attachment-thumbnail size-thumbnail\" alt=\"\" \/><\/a>\n\t\t\t<\/div><\/figure><figure class='gallery-item'>\n\t\t\t<div class='gallery-icon portrait'>\n\t\t\t\t<a href='https:\/\/sp12plock.pl\/wp-content\/uploads\/2023\/11\/20231121_081725.jpg' title=\"\" data-rl_title=\"\" class=\"rl-gallery-link\" data-rl_caption=\"\" data-rel=\"lightbox-gallery-1\"><img loading=\"lazy\" decoding=\"async\" width=\"150\" height=\"150\" src=\"https:\/\/sp12plock.pl\/wp-content\/uploads\/2023\/11\/20231121_081725-150x150.jpg\" class=\"attachment-thumbnail size-thumbnail\" alt=\"\" \/><\/a>\n\t\t\t<\/div><\/figure><figure class='gallery-item'>\n\t\t\t<div class='gallery-icon portrait'>\n\t\t\t\t<a href='https:\/\/sp12plock.pl\/wp-content\/uploads\/2023\/11\/20231121_082106.jpg' title=\"\" data-rl_title=\"\" class=\"rl-gallery-link\" data-rl_caption=\"\" data-rel=\"lightbox-gallery-1\"><img loading=\"lazy\" decoding=\"async\" width=\"150\" height=\"150\" src=\"https:\/\/sp12plock.pl\/wp-content\/uploads\/2023\/11\/20231121_082106-150x150.jpg\" class=\"attachment-thumbnail size-thumbnail\" alt=\"\" \/><\/a>\n\t\t\t<\/div><\/figure><figure class='gallery-item'>\n\t\t\t<div class='gallery-icon portrait'>\n\t\t\t\t<a href='https:\/\/sp12plock.pl\/wp-content\/uploads\/2023\/11\/20231121_082223.jpg' title=\"\" data-rl_title=\"\" class=\"rl-gallery-link\" data-rl_caption=\"\" data-rel=\"lightbox-gallery-1\"><img loading=\"lazy\" decoding=\"async\" width=\"150\" height=\"150\" src=\"https:\/\/sp12plock.pl\/wp-content\/uploads\/2023\/11\/20231121_082223-150x150.jpg\" class=\"attachment-thumbnail size-thumbnail\" alt=\"\" \/><\/a>\n\t\t\t<\/div><\/figure><figure class='gallery-item'>\n\t\t\t<div class='gallery-icon portrait'>\n\t\t\t\t<a href='https:\/\/sp12plock.pl\/wp-content\/uploads\/2023\/11\/20231121_083309.jpg' title=\"\" data-rl_title=\"\" class=\"rl-gallery-link\" data-rl_caption=\"\" data-rel=\"lightbox-gallery-1\"><img loading=\"lazy\" decoding=\"async\" width=\"150\" height=\"150\" src=\"https:\/\/sp12plock.pl\/wp-content\/uploads\/2023\/11\/20231121_083309-150x150.jpg\" class=\"attachment-thumbnail size-thumbnail\" alt=\"\" \/><\/a>\n\t\t\t<\/div><\/figure><figure class='gallery-item'>\n\t\t\t<div class='gallery-icon portrait'>\n\t\t\t\t<a href='https:\/\/sp12plock.pl\/wp-content\/uploads\/2023\/11\/20231122_120228.jpg' title=\"\" data-rl_title=\"\" class=\"rl-gallery-link\" data-rl_caption=\"\" data-rel=\"lightbox-gallery-1\"><img loading=\"lazy\" decoding=\"async\" width=\"150\" height=\"150\" src=\"https:\/\/sp12plock.pl\/wp-content\/uploads\/2023\/11\/20231122_120228-150x150.jpg\" class=\"attachment-thumbnail size-thumbnail\" alt=\"\" \/><\/a>\n\t\t\t<\/div><\/figure><figure class='gallery-item'>\n\t\t\t<div class='gallery-icon portrait'>\n\t\t\t\t<a href='https:\/\/sp12plock.pl\/wp-content\/uploads\/2023\/11\/20231122_120500.jpg' title=\"\" data-rl_title=\"\" class=\"rl-gallery-link\" data-rl_caption=\"\" data-rel=\"lightbox-gallery-1\"><img loading=\"lazy\" decoding=\"async\" width=\"150\" height=\"150\" src=\"https:\/\/sp12plock.pl\/wp-content\/uploads\/2023\/11\/20231122_120500-150x150.jpg\" class=\"attachment-thumbnail size-thumbnail\" alt=\"\" \/><\/a>\n\t\t\t<\/div><\/figure><figure class='gallery-item'>\n\t\t\t<div class='gallery-icon portrait'>\n\t\t\t\t<a href='https:\/\/sp12plock.pl\/wp-content\/uploads\/2023\/11\/20231122_120509.jpg' title=\"\" data-rl_title=\"\" class=\"rl-gallery-link\" data-rl_caption=\"\" data-rel=\"lightbox-gallery-1\"><img loading=\"lazy\" decoding=\"async\" width=\"150\" height=\"150\" src=\"https:\/\/sp12plock.pl\/wp-content\/uploads\/2023\/11\/20231122_120509-150x150.jpg\" class=\"attachment-thumbnail size-thumbnail\" alt=\"\" \/><\/a>\n\t\t\t<\/div><\/figure><figure class='gallery-item'>\n\t\t\t<div class='gallery-icon portrait'>\n\t\t\t\t<a href='https:\/\/sp12plock.pl\/wp-content\/uploads\/2023\/11\/20231122_120609.jpg' title=\"\" data-rl_title=\"\" class=\"rl-gallery-link\" data-rl_caption=\"\" data-rel=\"lightbox-gallery-1\"><img loading=\"lazy\" decoding=\"async\" width=\"150\" height=\"150\" src=\"https:\/\/sp12plock.pl\/wp-content\/uploads\/2023\/11\/20231122_120609-150x150.jpg\" class=\"attachment-thumbnail size-thumbnail\" alt=\"\" \/><\/a>\n\t\t\t<\/div><\/figure><figure class='gallery-item'>\n\t\t\t<div class='gallery-icon portrait'>\n\t\t\t\t<a href='https:\/\/sp12plock.pl\/wp-content\/uploads\/2023\/11\/20231122_120618.jpg' title=\"\" data-rl_title=\"\" class=\"rl-gallery-link\" data-rl_caption=\"\" data-rel=\"lightbox-gallery-1\"><img loading=\"lazy\" decoding=\"async\" width=\"150\" height=\"150\" src=\"https:\/\/sp12plock.pl\/wp-content\/uploads\/2023\/11\/20231122_120618-150x150.jpg\" class=\"attachment-thumbnail size-thumbnail\" alt=\"\" \/><\/a>\n\t\t\t<\/div><\/figure><figure class='gallery-item'>\n\t\t\t<div class='gallery-icon portrait'>\n\t\t\t\t<a href='https:\/\/sp12plock.pl\/wp-content\/uploads\/2023\/11\/20231122_120625.jpg' title=\"\" data-rl_title=\"\" class=\"rl-gallery-link\" data-rl_caption=\"\" data-rel=\"lightbox-gallery-1\"><img loading=\"lazy\" decoding=\"async\" width=\"150\" height=\"150\" src=\"https:\/\/sp12plock.pl\/wp-content\/uploads\/2023\/11\/20231122_120625-150x150.jpg\" class=\"attachment-thumbnail size-thumbnail\" alt=\"\" \/><\/a>\n\t\t\t<\/div><\/figure><figure class='gallery-item'>\n\t\t\t<div class='gallery-icon portrait'>\n\t\t\t\t<a href='https:\/\/sp12plock.pl\/wp-content\/uploads\/2023\/11\/20231122_120635.jpg' title=\"\" data-rl_title=\"\" class=\"rl-gallery-link\" data-rl_caption=\"\" data-rel=\"lightbox-gallery-1\"><img loading=\"lazy\" decoding=\"async\" width=\"150\" height=\"150\" src=\"https:\/\/sp12plock.pl\/wp-content\/uploads\/2023\/11\/20231122_120635-150x150.jpg\" class=\"attachment-thumbnail size-thumbnail\" alt=\"\" \/><\/a>\n\t\t\t<\/div><\/figure><figure class='gallery-item'>\n\t\t\t<div class='gallery-icon portrait'>\n\t\t\t\t<a href='https:\/\/sp12plock.pl\/wp-content\/uploads\/2023\/11\/20231122_120640.jpg' title=\"\" data-rl_title=\"\" class=\"rl-gallery-link\" data-rl_caption=\"\" data-rel=\"lightbox-gallery-1\"><img loading=\"lazy\" decoding=\"async\" width=\"150\" height=\"150\" src=\"https:\/\/sp12plock.pl\/wp-content\/uploads\/2023\/11\/20231122_120640-150x150.jpg\" class=\"attachment-thumbnail size-thumbnail\" alt=\"\" \/><\/a>\n\t\t\t<\/div><\/figure>\n\t\t<\/div>\n\n","protected":false},"excerpt":{"rendered":"<p>Laboratoria Przysz\u0142o\u015bci \u2013 wykorzystanie sprz\u0119tu wrzesie\u0144 \u2013 listopad 2023\u00a0\u00a0 \u00a0 Uczniowie klas pierwszych w pierwszym p\u00f3\u0142roczu korzystali ze sprz\u0119tu zakupionego w ramach projektu #Laboratoria Przysz\u0142o\u015bci. Programowani roboty edukacyjne Photon oraz poznali aplikacje z nimi wsp\u00f3\u0142pracuj\u0105ce. Budowali tak\u017ce konstrukcje z klock\u00f3w edukacyjnych SkriKit+. Zawieraj\u0105 one ponad 270 element\u00f3w konstrukcyjnych. SkriKit rozwija nie tylko umiej\u0119tno\u015bci manualne, ale [&#8230;.] <a href=\"https:\/\/sp12plock.pl\/index.php\/wykorzystanie-sprzetu-wrzesien-listopad-2023\/\" class=\"read-more\">Czytaj wi\u0119cej&#8230;<\/a><\/p>\n","protected":false},"author":1,"featured_media":0,"parent":0,"menu_order":0,"comment_status":"closed","ping_status":"closed","template":"","meta":{"footnotes":""},"class_list":["post-22541","page","type-page","status-publish","hentry"],"_links":{"self":[{"href":"https:\/\/sp12plock.pl\/index.php\/wp-json\/wp\/v2\/pages\/22541","targetHints":{"allow":["GET"]}}],"collection":[{"href":"https:\/\/sp12plock.pl\/index.php\/wp-json\/wp\/v2\/pages"}],"about":[{"href":"https:\/\/sp12plock.pl\/index.php\/wp-json\/wp\/v2\/types\/page"}],"author":[{"embeddable":true,"href":"https:\/\/sp12plock.pl\/index.php\/wp-json\/wp\/v2\/users\/1"}],"replies":[{"embeddable":true,"href":"https:\/\/sp12plock.pl\/index.php\/wp-json\/wp\/v2\/comments?post=22541"}],"version-history":[{"count":2,"href":"https:\/\/sp12plock.pl\/index.php\/wp-json\/wp\/v2\/pages\/22541\/revisions"}],"predecessor-version":[{"id":23486,"href":"https:\/\/sp12plock.pl\/index.php\/wp-json\/wp\/v2\/pages\/22541\/revisions\/23486"}],"wp:attachment":[{"href":"https:\/\/sp12plock.pl\/index.php\/wp-json\/wp\/v2\/media?parent=22541"}],"curies":[{"name":"wp","href":"https:\/\/api.w.org\/{rel}","templated":true}]}}