{"id":8692,"date":"2019-09-16T09:41:52","date_gmt":"2019-09-16T07:41:52","guid":{"rendered":"http:\/\/sp12plock.pl\/?page_id=8692"},"modified":"2025-04-02T13:36:35","modified_gmt":"2025-04-02T11:36:35","slug":"stowarzyszenie","status":"publish","type":"page","link":"https:\/\/sp12plock.pl\/index.php\/stowarzyszenie\/","title":{"rendered":"Stowarzyszenie \u201eSzko\u0142a Pod Brzozami\u201d"},"content":{"rendered":"<h4 style=\"text-align: center;\"><img loading=\"lazy\" decoding=\"async\" class=\"size-thumbnail wp-image-13604 aligncenter\" src=\"https:\/\/sp12plock.pl\/wp-content\/uploads\/2021\/03\/logo-150x150.jpg\" alt=\"\" width=\"150\" height=\"150\" data-id=\"13604\" \/><\/h4>\n<h4 style=\"text-align: center;\">STOWARZYSZENIE RODZIC\u00d3W, NAUCZYCIELI i PRZYJACI\u00d3\u0141<\/h4>\n<h4 style=\"text-align: center;\">SZKO\u0141Y PODSTAWOWEJ Nr 12 w P\u0141OCKU<\/h4>\n<h4 style=\"text-align: center;\">Pod Nazw\u0105 &#8222;SZKO\u0141A POD BRZOZAMI&#8221;<\/h4>\n<h4 style=\"text-align: center;\">09-402 P\u0142ock ul. Brzozowa 3<\/h4>\n<h4 style=\"text-align: center;\">NIP 774-315-18-17, REGON 142372208<\/h4>\n<h4 style=\"text-align: center;\">Nr rachunku Bank Pekao SA 04 1240 3174 1111 0010 6821 5641<\/h4>\n<p style=\"text-align: center;\"><strong>Zarz\u0105d:<\/strong><\/p>\n<p style=\"text-align: center;\"><span style=\"color: #0000ff;\"><span id=\"container-1077-outerCt\" role=\"presentation\">Jolanta Maciak<\/span> \u2013 prezes zarz\u0105du <\/span><\/p>\n<p style=\"text-align: center;\"><span style=\"color: #0000ff;\"><span id=\"container-1077-outerCt\" role=\"presentation\">Joanna Jarzy\u0144ska<\/span> &#8211; wiceprezes zarz\u0105du<\/span><\/p>\n<p style=\"text-align: center;\"><span style=\"color: #0000ff;\"><span id=\"container-1077-outerCt\" role=\"presentation\">Monika Przybyli\u0144ska<\/span> \u2013 wiceprezes zarz\u0105du<\/span><\/p>\n<p style=\"text-align: center;\"><span style=\"color: #0000ff;\"><span id=\"container-1077-outerCt\" role=\"presentation\">Ilona Ku\u017aniewska<\/span> &#8211; sekretarz <\/span><\/p>\n<p style=\"text-align: center;\"><span style=\"color: #0000ff;\">Anna Perzesty &#8211; skarbnik<\/span><\/p>\n<p style=\"text-align: center;\"><strong>Komisja Rewizyjna:<\/strong><\/p>\n<p style=\"text-align: center;\"><span style=\"color: #0000ff;\"><span id=\"container-1077-outerCt\" role=\"presentation\">El\u017cbieta Krawczyk<\/span><\/span><\/p>\n<p style=\"text-align: center;\"><span style=\"color: #0000ff;\"><span id=\"container-1077-outerCt\" role=\"presentation\">Micha\u0142 Bejman<\/span><\/span><\/p>\n<p style=\"text-align: center;\"><span style=\"color: #0000ff;\"><span id=\"container-1077-outerCt\" role=\"presentation\">Urszula Cywi\u0144ska<\/span><\/span><\/p>\n<p>&nbsp;<\/p>\n<p>&nbsp;<\/p>\n<p>&nbsp;<\/p>\n<h1 style=\"text-align: center;\"><a href=\"https:\/\/sp12plock.pl\/wp-content\/uploads\/2024\/09\/Uchwala-Stowarzyszenia-pod-Brzozami-w-sprawie-zatwierdzenia-Standardow-Ochrony-Maloletnich.pdf\">Uchwa\u0142a Stowarzyszenia pod Brzozami w sprawie zatwierdzenia Standard\u00f3w Ochrony Ma\u0142oletnich<\/a><a href=\"https:\/\/sp12plock.pl\/wp-content\/uploads\/2024\/10\/klik.jpg\" data-rel=\"lightbox-image-0\" data-rl_title=\"\" data-rl_caption=\"\" title=\"\"><img loading=\"lazy\" decoding=\"async\" class=\"aligncenter wp-image-25642\" src=\"https:\/\/sp12plock.pl\/wp-content\/uploads\/2024\/10\/klik.jpg\" alt=\"\" width=\"93\" height=\"84\" data-id=\"25642\" \/><\/a><\/h1>\n<h3 style=\"text-align: center;\">Celem dzia\u0142alno\u015bci stowarzyszenia jest dzia\u0142alno\u015b\u0107 na rzecz rozwoju i niesienia pomocy Polskim szko\u0142om i ich uczniom w tym:<\/h3>\n<ol>\n<li>Pomoc naukowa, finansowa i rzeczowa;<\/li>\n<li>Pozyskiwanie \u015brodk\u00f3w finansowych ze \u017ar\u00f3de\u0142 krajowych i zagranicznych;<\/li>\n<li>Nauka, edukacja, o\u015bwiata i wychowanie;<\/li>\n<li>Krajoznawstwo oraz wypoczynek dzieci i m\u0142odzie\u017cy;<\/li>\n<li>Kultura, sztuka, ochrona d\u00f3br kultury i tradycji;<\/li>\n<li>Upowszechnianie kultury fizycznej i sportu;<\/li>\n<li>Ekologia i ochrona zwierz\u0105t oraz ochrona dziedzictwa przyrodniczego;<\/li>\n<li>Podtrzymywanie tradycji narodowej, piel\u0119gnowanie polsko\u015bci oraz rozw\u00f3j \u015bwiadomo\u015bci narodowej, obywatelskiej i kulturowej;<\/li>\n<li>Promocja dzia\u0142a\u0144 szko\u0142y na forum spo\u0142eczno\u015bci lokalnej i ponandlokalnej;<\/li>\n<li>Dzia\u0142alno\u015b\u0107 charytatywna;<\/li>\n<li>Pomoc spo\u0142eczna, w tym pomoc rodzinom i osobom w trudnej sytuacji \u017cyciowej oraz wyr\u00f3wnywanie szans tych rodzin i os\u00f3b;<\/li>\n<li>Upowszechnianie i ochrona wolno\u015bci i praw cz\u0142owieka oraz swob\u00f3d obywatelskich, a tak\u017ce dzia\u0142a\u0144 wspomagaj\u0105cych rozw\u00f3j demokracji;<\/li>\n<li>Dzia\u0142ania na rzecz integracji europejskiej oraz rozwijania kontakt\u00f3w wsp\u00f3\u0142pracy mi\u0119dzy spo\u0142ecze\u0144stwami;<\/li>\n<li>Promocja i organizacja wolontariatu.<\/li>\n<\/ol>\n<hr \/>\n<h3 style=\"text-align: center;\">Od 2010 roku dzia\u0142a<br \/>\nStowarzyszenie Rodzic\u00f3w, Nauczycieli i Przyjaci\u00f3\u0142<br \/>\nSP nr 12 w P\u0142ocku<br \/>\n\u201eSzko\u0142a pod Brzozami\u201d.<\/h3>\n<h4 style=\"text-align: center;\"><strong>Do tej pory zrealizowali\u015bmy nast\u0119puj\u0105ce projekty:<\/strong><\/h4>\n<p style=\"text-align: center;\"><strong>2011<br \/>\n<\/strong>\u201eIgrzyska sportowe pod brzozami\u201d.<br \/>\n<strong>2012<\/strong><br \/>\n\u201ePozw\u00f3lmy dzieciom rado\u015bnie d\u0105\u017cy\u0107 do poprawy\u201d.<br \/>\n<strong>2013<\/strong><br \/>\n\u201eTeleturniej 1 z 12\u201d dla dzieci szczeg\u00f3lnie<br \/>\nuzdolnionych.<br \/>\nMi\u0119dzyszkolny Konkurs Polskiej Muzyki Filmowej im.<br \/>\nMiry Zimi\u0144skiej-Sygiety\u0144skiej.<br \/>\n<strong>2014<\/strong><br \/>\n\u201eTworz\u0119, bo lubi\u0119 \u2013 czyli m\u0142odzi arty\u015bci na<br \/>\neuropejskim poziomie\u201d.<br \/>\n\u201eJedzmy zdrowo, kolorowo\u201d.<br \/>\n\u201eRozwijajmy skrzyd\u0142a w dwunastce\u201d.<br \/>\n<strong>2015<\/strong><br \/>\n\u201eOd my\u015blenia do tworzenia \u2013 pom\u00f3\u017cmy dzieciom<br \/>\nrozwin\u0105\u0107 pasje\u201d.<br \/>\n\u201eSmaki zdrowia\u201d.<br \/>\n\u201eCyberMoc &#8211; bez przemocy\u201d.<br \/>\n<strong>2016<\/strong><br \/>\n\u201eAkademia ma\u0142ego matematyka\u201d.<br \/>\n\u201eOd literackich fascynacji do scenicznych kreacji\u201d.<br \/>\n\u201ePrzerwa na teatr\u201d.<br \/>\n<strong>2017 i 2018<\/strong><br \/>\n\u201ePrzerwa na teatr\u201d.<br \/>\n\u201eBawmy si\u0119 matematyk\u0105\u201d.<br \/>\n\u201eSzko\u0142a, kreacja, innowacja\u201d.<br \/>\n<strong>2019 i 2020<\/strong><br \/>\n\u201eSzko\u0142a, kreacja, innowacja &#8211; happening<br \/>\nperformance w szkole\u201d.<\/p>\n<hr \/>\n<p>Rozliczenie <a href=\"https:\/\/www.pitax.pl\/pit36\/\"><strong>PIT Online z PITax.pl dla OPP<\/strong><\/a>. Projekt realizujemy we wsp\u00f3\u0142pracy z <a href=\"https:\/\/www.iwop.pl\/pity\/\"><strong>IWOP<\/strong><\/a>.<\/p>\n<p><a href=\"https:\/\/www.pitax.pl\/rozliczenie-pit-online-0000355598\/\" target=\"_blank\" rel=\"noopener\"><img loading=\"lazy\" decoding=\"async\" class=\"aligncenter wp-image-19632 \" src=\"https:\/\/sp12plock.pl\/wp-content\/uploads\/2023\/02\/banner1.png\" alt=\"Przeka\u017c 1% naszej organizacji\" width=\"259\" height=\"160\" data-id=\"19632\" \/><\/a><\/p>\n<div style=\"position: relative; width: 254px; margin: 0 auto;\"><a title=\"Rozlicz PIT Online\" href=\"https:\/\/www.pitax.pl\/rozliczenie-pit-online-0000355598\/\" target=\"_blank\" rel=\"noopener\"><img decoding=\"async\" style=\"width: 100%;\" src=\"https:\/\/www.iwop.pl\/szybki-start\/rozlicz-pit-online.png\" alt=\"Rozlicz PIT Online\" \/><\/a><\/div>\n<div style=\"position: relative; width: 254px; margin: 0 auto;\"><a title=\"Pobierz program PIT\" href=\"https:\/\/www.pitax.pl\/rozliczenie-pit-online-0000355598\/\" target=\"_blank\" rel=\"noopener\"><img decoding=\"async\" style=\"width: 100%;\" src=\"https:\/\/www.iwop.pl\/szybki-start\/pobierz-pit-button.png\" alt=\"Pobierz program PIT\" \/><\/a><\/div>\n<div><\/div>\n<div><strong>Aktualno\u015bci:<br \/>\n<a href=\"https:\/\/sp12plock.pl\/index.php\/2023\/04\/konkurs-ekologiczny\/\">Konkurs ekologiczny<\/a><\/strong><\/div>\n","protected":false},"excerpt":{"rendered":"<p>STOWARZYSZENIE RODZIC\u00d3W, NAUCZYCIELI i PRZYJACI\u00d3\u0141 SZKO\u0141Y PODSTAWOWEJ Nr 12 w P\u0141OCKU Pod Nazw\u0105 &#8222;SZKO\u0141A POD BRZOZAMI&#8221; 09-402 P\u0142ock ul. Brzozowa 3 NIP 774-315-18-17, REGON 142372208 Nr rachunku Bank Pekao SA 04 1240 3174 1111 0010 6821 5641 Zarz\u0105d: Jolanta Maciak \u2013 prezes zarz\u0105du Joanna Jarzy\u0144ska &#8211; wiceprezes zarz\u0105du Monika Przybyli\u0144ska \u2013 wiceprezes zarz\u0105du Ilona Ku\u017aniewska [&#8230;.] <a href=\"https:\/\/sp12plock.pl\/index.php\/stowarzyszenie\/\" class=\"read-more\">Czytaj wi\u0119cej&#8230;<\/a><\/p>\n","protected":false},"author":5,"featured_media":0,"parent":0,"menu_order":0,"comment_status":"closed","ping_status":"closed","template":"","meta":{"footnotes":""},"class_list":["post-8692","page","type-page","status-publish","hentry"],"_links":{"self":[{"href":"https:\/\/sp12plock.pl\/index.php\/wp-json\/wp\/v2\/pages\/8692","targetHints":{"allow":["GET"]}}],"collection":[{"href":"https:\/\/sp12plock.pl\/index.php\/wp-json\/wp\/v2\/pages"}],"about":[{"href":"https:\/\/sp12plock.pl\/index.php\/wp-json\/wp\/v2\/types\/page"}],"author":[{"embeddable":true,"href":"https:\/\/sp12plock.pl\/index.php\/wp-json\/wp\/v2\/users\/5"}],"replies":[{"embeddable":true,"href":"https:\/\/sp12plock.pl\/index.php\/wp-json\/wp\/v2\/comments?post=8692"}],"version-history":[{"count":21,"href":"https:\/\/sp12plock.pl\/index.php\/wp-json\/wp\/v2\/pages\/8692\/revisions"}],"predecessor-version":[{"id":28039,"href":"https:\/\/sp12plock.pl\/index.php\/wp-json\/wp\/v2\/pages\/8692\/revisions\/28039"}],"wp:attachment":[{"href":"https:\/\/sp12plock.pl\/index.php\/wp-json\/wp\/v2\/media?parent=8692"}],"curies":[{"name":"wp","href":"https:\/\/api.w.org\/{rel}","templated":true}]}}