{"id":97,"date":"2018-05-11T06:16:54","date_gmt":"2018-05-11T06:16:54","guid":{"rendered":"http:\/\/sp12plock.pl\/?page_id=97"},"modified":"2025-08-28T14:51:03","modified_gmt":"2025-08-28T12:51:03","slug":"swietlica","status":"publish","type":"page","link":"https:\/\/sp12plock.pl\/index.php\/swietlica\/","title":{"rendered":"\u015awietlica"},"content":{"rendered":"<h3 style=\"text-align: center;\"><strong>\u015awietlica szkolna jest czynna w godzinach: 7:00-16:30.<\/strong><\/h3>\n<hr \/>\n<p>Rodzice, kt\u00f3rzy zapisuj\u0105 dziecko do \u015bwietlicy wype\u0142niaj\u0105 formularz zg\u0142oszeniowy i upowa\u017cnienie do odbioru dziecka.<br \/>\n<a href=\"https:\/\/sp12plock.pl\/wp-content\/uploads\/2025\/08\/Karta-zgloszenia-dziecka-do-swietlicy-szkolnej-1.docx\">Karta zg\u0142oszeniowa (2025\/2026).docx<\/a><br \/>\n<a href=\"https:\/\/sp12plock.pl\/wp-content\/uploads\/2025\/08\/Upowaznienie-do-odbioru-dziecka.docx\">Upowa\u017cnienie (2025\/2026)<strong>.<\/strong>docx<\/a><br \/>\n<a href=\"https:\/\/sp12plock.pl\/wp-content\/uploads\/2025\/08\/Klauzula-informacyjna.docx\"><strong>Klauzula informacyjna.docx<\/strong><\/a><\/p>\n<p style=\"text-align: left;\"><a href=\"https:\/\/sp12plock.pl\/wp-content\/uploads\/2022\/04\/Procedury-funkcjonowania-swietlicy-szkolnej-SP12-w-Plocku-w-okresie-zagrozenia-zakazeniem-COVID-19.pdf\" target=\"_blank\" rel=\"noopener noreferrer\">Procedury funkcjonowania \u015bwietlicy szkolnej SP12 w P\u0142ocku w okresie zagro\u017cenia zaka\u017ceniem COVID-19<\/a><\/p>\n<hr \/>\n<p><strong>Wychowawcy przeprowadzaj\u0105 szereg zaj\u0119\u0107 plastycznych, czytelniczych i ruchowych oraz pogadanek dotycz\u0105cych:<\/strong><\/p>\n<ul>\n<li>poruszania si\u0119 na drodze, znajomo\u015bci znak\u00f3w drogowych, umiej\u0119tno\u015bci\u00a0 \u00a0rozpoznawania zagro\u017ce\u0144,<\/li>\n<li>komunikowania si\u0119, wsp\u00f3\u0142pracy i dzia\u0142ania w grupie r\u00f3wie\u015bniczej,<\/li>\n<li>higieny osobistej,<\/li>\n<li>zdrowego sposobu od\u017cywiania si\u0119,<\/li>\n<li>poszanowania przyrody,<\/li>\n<li>kultywowania tradycji i obyczaj\u00f3w,<\/li>\n<li>bezpiecznej zabawy,<\/li>\n<li>rozwijania indywidualnych zainteresowa\u0144 i zami\u0142owa\u0144.<\/li>\n<\/ul>\n<p style=\"text-align: center;\"><em>Mile widziane wsparcie ze strony rodzic\u00f3w w postaci materia\u0142\u00f3w plastycznych, gier i zabawek.<\/em><\/p>\n<div id='gallery-1' class='gallery galleryid-97 gallery-columns-3 gallery-size-medium'><figure class='gallery-item'>\n\t\t\t<div class='gallery-icon landscape'>\n\t\t\t\t<img loading=\"lazy\" decoding=\"async\" width=\"300\" height=\"225\" src=\"https:\/\/sp12plock.pl\/wp-content\/uploads\/2021\/03\/1-1-300x225.jpg\" class=\"attachment-medium size-medium\" alt=\"\" srcset=\"https:\/\/sp12plock.pl\/wp-content\/uploads\/2021\/03\/1-1-300x225.jpg 300w, https:\/\/sp12plock.pl\/wp-content\/uploads\/2021\/03\/1-1-768x576.jpg 768w, https:\/\/sp12plock.pl\/wp-content\/uploads\/2021\/03\/1-1-400x300.jpg 400w, https:\/\/sp12plock.pl\/wp-content\/uploads\/2021\/03\/1-1.jpg 1024w\" sizes=\"auto, (max-width: 300px) 100vw, 300px\" \/>\n\t\t\t<\/div><\/figure><figure class='gallery-item'>\n\t\t\t<div class='gallery-icon landscape'>\n\t\t\t\t<img loading=\"lazy\" decoding=\"async\" width=\"300\" height=\"191\" src=\"https:\/\/sp12plock.pl\/wp-content\/uploads\/2021\/04\/IMG_20210423_090613-300x191.jpg\" class=\"attachment-medium size-medium\" alt=\"\" srcset=\"https:\/\/sp12plock.pl\/wp-content\/uploads\/2021\/04\/IMG_20210423_090613-300x191.jpg 300w, https:\/\/sp12plock.pl\/wp-content\/uploads\/2021\/04\/IMG_20210423_090613-1024x651.jpg 1024w, https:\/\/sp12plock.pl\/wp-content\/uploads\/2021\/04\/IMG_20210423_090613-768x488.jpg 768w, https:\/\/sp12plock.pl\/wp-content\/uploads\/2021\/04\/IMG_20210423_090613-1536x976.jpg 1536w, https:\/\/sp12plock.pl\/wp-content\/uploads\/2021\/04\/IMG_20210423_090613-2048x1301.jpg 2048w, https:\/\/sp12plock.pl\/wp-content\/uploads\/2021\/04\/IMG_20210423_090613-400x254.jpg 400w\" sizes=\"auto, (max-width: 300px) 100vw, 300px\" \/>\n\t\t\t<\/div><\/figure><figure class='gallery-item'>\n\t\t\t<div class='gallery-icon landscape'>\n\t\t\t\t<img loading=\"lazy\" decoding=\"async\" width=\"300\" height=\"185\" src=\"https:\/\/sp12plock.pl\/wp-content\/uploads\/2021\/05\/1-300x185.jpg\" class=\"attachment-medium size-medium\" alt=\"\" srcset=\"https:\/\/sp12plock.pl\/wp-content\/uploads\/2021\/05\/1-300x185.jpg 300w, https:\/\/sp12plock.pl\/wp-content\/uploads\/2021\/05\/1-768x474.jpg 768w, https:\/\/sp12plock.pl\/wp-content\/uploads\/2021\/05\/1-400x247.jpg 400w, https:\/\/sp12plock.pl\/wp-content\/uploads\/2021\/05\/1.jpg 1024w\" sizes=\"auto, (max-width: 300px) 100vw, 300px\" \/>\n\t\t\t<\/div><\/figure><figure class='gallery-item'>\n\t\t\t<div class='gallery-icon landscape'>\n\t\t\t\t<img loading=\"lazy\" decoding=\"async\" width=\"300\" height=\"167\" src=\"https:\/\/sp12plock.pl\/wp-content\/uploads\/2021\/06\/1-300x167.jpg\" class=\"attachment-medium size-medium\" alt=\"\" srcset=\"https:\/\/sp12plock.pl\/wp-content\/uploads\/2021\/06\/1-300x167.jpg 300w, https:\/\/sp12plock.pl\/wp-content\/uploads\/2021\/06\/1-768x427.jpg 768w, https:\/\/sp12plock.pl\/wp-content\/uploads\/2021\/06\/1-400x222.jpg 400w, https:\/\/sp12plock.pl\/wp-content\/uploads\/2021\/06\/1.jpg 1024w\" sizes=\"auto, (max-width: 300px) 100vw, 300px\" \/>\n\t\t\t<\/div><\/figure><figure class='gallery-item'>\n\t\t\t<div class='gallery-icon landscape'>\n\t\t\t\t<img loading=\"lazy\" decoding=\"async\" width=\"300\" height=\"163\" src=\"https:\/\/sp12plock.pl\/wp-content\/uploads\/2021\/02\/2-300x163.jpg\" class=\"attachment-medium size-medium\" alt=\"\" srcset=\"https:\/\/sp12plock.pl\/wp-content\/uploads\/2021\/02\/2-300x163.jpg 300w, https:\/\/sp12plock.pl\/wp-content\/uploads\/2021\/02\/2-768x416.jpg 768w, https:\/\/sp12plock.pl\/wp-content\/uploads\/2021\/02\/2-400x217.jpg 400w, https:\/\/sp12plock.pl\/wp-content\/uploads\/2021\/02\/2.jpg 1024w\" sizes=\"auto, (max-width: 300px) 100vw, 300px\" \/>\n\t\t\t<\/div><\/figure>\n\t\t<\/div>\n\n<p><strong>\u00a0<\/strong><\/p>\n<hr \/>\n<p style=\"text-align: center;\"><strong>ZASADY DOBREGO ZACHOWANIA W \u015aWIETLICY:<\/strong><\/p>\n<ol>\n<li>DBAMY O BEZPIECZE\u0143STWO SWOJE I INNYCH.<\/li>\n<li>ZACHOWUJEMY \u0141AD I PORZ\u0104DEK W SALI \u015aWIETLICOWEJ.<\/li>\n<li>TECZKI I KURTKI ZOSTAWIAMY W SZATNI.<\/li>\n<li>GRY \u015aWIETLICOWE ODK\u0141ADAMY NA MIEJSCE.<\/li>\n<li>POMAGAMY M\u0141ODSZYM I S\u0141ABSZYM.<\/li>\n<li>UPRZEJMO\u015a\u0106 JEST OBOWI\u0104ZKIEM KA\u017bDEGO.<\/li>\n<li>M\u00d3WIMY SZEPTEM,\u00a0 \u017bEBY NIE PRZESZKADZA\u0106 INNYM.<\/li>\n<li>CUDZE RZECZY SZANUJEMY JAK W\u0141ASNE.<\/li>\n<li>BIERZEMY UDZIA\u0141 W ZAJ\u0118CIACH \u015aWIETLICOWYCH.<\/li>\n<li>WYKONUJEMY POLECENIA WYCHOWAWCY.<\/li>\n<li>FAKT PRZYJ\u015aCIA I WYJ\u015aCIA ZE \u015aWIETLICY MELDUJEMY WYCHOWAWCY.<\/li>\n<\/ol>\n<hr \/>\n<p>&nbsp;<\/p>\n","protected":false},"excerpt":{"rendered":"<p>\u015awietlica szkolna jest czynna w godzinach: 7:00-16:30. Rodzice, kt\u00f3rzy zapisuj\u0105 dziecko do \u015bwietlicy wype\u0142niaj\u0105 formularz zg\u0142oszeniowy i upowa\u017cnienie do odbioru dziecka. Karta zg\u0142oszeniowa (2025\/2026).docx Upowa\u017cnienie (2025\/2026).docx Klauzula informacyjna.docx Procedury funkcjonowania \u015bwietlicy szkolnej SP12 w P\u0142ocku w okresie zagro\u017cenia zaka\u017ceniem COVID-19 Wychowawcy przeprowadzaj\u0105 szereg zaj\u0119\u0107 plastycznych, czytelniczych i ruchowych oraz pogadanek dotycz\u0105cych: poruszania si\u0119 na drodze, [&#8230;.] <a href=\"https:\/\/sp12plock.pl\/index.php\/swietlica\/\" class=\"read-more\">Czytaj wi\u0119cej&#8230;<\/a><\/p>\n","protected":false},"author":1,"featured_media":0,"parent":0,"menu_order":0,"comment_status":"closed","ping_status":"closed","template":"","meta":{"footnotes":""},"class_list":["post-97","page","type-page","status-publish","hentry"],"_links":{"self":[{"href":"https:\/\/sp12plock.pl\/index.php\/wp-json\/wp\/v2\/pages\/97","targetHints":{"allow":["GET"]}}],"collection":[{"href":"https:\/\/sp12plock.pl\/index.php\/wp-json\/wp\/v2\/pages"}],"about":[{"href":"https:\/\/sp12plock.pl\/index.php\/wp-json\/wp\/v2\/types\/page"}],"author":[{"embeddable":true,"href":"https:\/\/sp12plock.pl\/index.php\/wp-json\/wp\/v2\/users\/1"}],"replies":[{"embeddable":true,"href":"https:\/\/sp12plock.pl\/index.php\/wp-json\/wp\/v2\/comments?post=97"}],"version-history":[{"count":49,"href":"https:\/\/sp12plock.pl\/index.php\/wp-json\/wp\/v2\/pages\/97\/revisions"}],"predecessor-version":[{"id":29476,"href":"https:\/\/sp12plock.pl\/index.php\/wp-json\/wp\/v2\/pages\/97\/revisions\/29476"}],"wp:attachment":[{"href":"https:\/\/sp12plock.pl\/index.php\/wp-json\/wp\/v2\/media?parent=97"}],"curies":[{"name":"wp","href":"https:\/\/api.w.org\/{rel}","templated":true}]}}