{"id":99,"date":"2018-05-11T06:16:54","date_gmt":"2018-05-11T06:16:54","guid":{"rendered":"http:\/\/sp12plock.pl\/?page_id=99"},"modified":"2020-11-24T08:12:34","modified_gmt":"2020-11-24T07:12:34","slug":"biblioteka","status":"publish","type":"page","link":"https:\/\/sp12plock.pl\/index.php\/biblioteka\/","title":{"rendered":"Biblioteka"},"content":{"rendered":"<h3 style=\"text-align: center;\"><span class=\"ff2 fc6 fs18 fb \">GODZINY PRACY<\/span><span class=\"ff2 fc6 fs16 \"><br \/>\n<\/span> <span class=\"ff2 fc6 fs14 \"><br \/>\n<\/span><span class=\"ff2 fc6 fs16 fb \">Poniedzia\u0142ek &#8211; Pi\u0105tek<\/span><span class=\"ff2 fc6 fs16 \">: <\/span><span class=\"ff2 fc6 fs14 \">8.00- 15.00<\/span><span class=\"ff2 fc6 fs16 \"><br \/>\n<\/span><span class=\"ff2 fc6 fs16 fb \"> Czwartek<\/span><span class=\"ff2 fc6 fs16 \">: <\/span><span class=\"ff2 fc6 fs14 \">dzie\u0144 wewn\u0119trzny<\/span><\/h3>\n<hr \/>\n<h2 style=\"text-align: center;\"><a href=\"https:\/\/sp12plock.pl\/index.php\/biblioteka-zasoby-zdalne\/\">Zasoby zdalne<\/a><\/h2>\n<hr \/>\n<h3 style=\"text-align: center;\">Nasza biblioteka<\/h3>\n<p style=\"text-align: center;\">Dawniej&#8230;<\/p>\n<div id='gallery-1' class='gallery galleryid-99 gallery-columns-2 gallery-size-medium'><figure class='gallery-item'>\n\t\t\t<div class='gallery-icon landscape'>\n\t\t\t\t<a href='https:\/\/sp12plock.pl\/wp-content\/uploads\/2018\/05\/p001_1_00.jpg' title=\"\" data-rl_title=\"\" class=\"rl-gallery-link\" data-rl_caption=\"\" data-rel=\"lightbox-gallery-1\"><img loading=\"lazy\" decoding=\"async\" width=\"300\" height=\"225\" src=\"https:\/\/sp12plock.pl\/wp-content\/uploads\/2018\/05\/p001_1_00-300x225.jpg\" class=\"attachment-medium size-medium\" alt=\"\" srcset=\"https:\/\/sp12plock.pl\/wp-content\/uploads\/2018\/05\/p001_1_00-300x225.jpg 300w, https:\/\/sp12plock.pl\/wp-content\/uploads\/2018\/05\/p001_1_00.jpg 384w\" sizes=\"auto, (max-width: 300px) 100vw, 300px\" \/><\/a>\n\t\t\t<\/div><\/figure><figure class='gallery-item'>\n\t\t\t<div class='gallery-icon landscape'>\n\t\t\t\t<a href='https:\/\/sp12plock.pl\/wp-content\/uploads\/2018\/05\/p001_1_04.jpg' title=\"\" data-rl_title=\"\" class=\"rl-gallery-link\" data-rl_caption=\"\" data-rel=\"lightbox-gallery-1\"><img loading=\"lazy\" decoding=\"async\" width=\"300\" height=\"225\" src=\"https:\/\/sp12plock.pl\/wp-content\/uploads\/2018\/05\/p001_1_04-300x225.jpg\" class=\"attachment-medium size-medium\" alt=\"\" srcset=\"https:\/\/sp12plock.pl\/wp-content\/uploads\/2018\/05\/p001_1_04-300x225.jpg 300w, https:\/\/sp12plock.pl\/wp-content\/uploads\/2018\/05\/p001_1_04.jpg 384w\" sizes=\"auto, (max-width: 300px) 100vw, 300px\" \/><\/a>\n\t\t\t<\/div><\/figure><figure class='gallery-item'>\n\t\t\t<div class='gallery-icon landscape'>\n\t\t\t\t<a href='https:\/\/sp12plock.pl\/wp-content\/uploads\/2018\/05\/p001_1_01.jpg' title=\"\" data-rl_title=\"\" class=\"rl-gallery-link\" data-rl_caption=\"\" data-rel=\"lightbox-gallery-1\"><img loading=\"lazy\" decoding=\"async\" width=\"300\" height=\"199\" src=\"https:\/\/sp12plock.pl\/wp-content\/uploads\/2018\/05\/p001_1_01-300x199.jpg\" class=\"attachment-medium size-medium\" alt=\"\" srcset=\"https:\/\/sp12plock.pl\/wp-content\/uploads\/2018\/05\/p001_1_01-300x199.jpg 300w, https:\/\/sp12plock.pl\/wp-content\/uploads\/2018\/05\/p001_1_01.jpg 389w\" sizes=\"auto, (max-width: 300px) 100vw, 300px\" \/><\/a>\n\t\t\t<\/div><\/figure><figure class='gallery-item'>\n\t\t\t<div class='gallery-icon landscape'>\n\t\t\t\t<a href='https:\/\/sp12plock.pl\/wp-content\/uploads\/2018\/05\/p001_1_02.jpg' title=\"\" data-rl_title=\"\" class=\"rl-gallery-link\" data-rl_caption=\"\" data-rel=\"lightbox-gallery-1\"><img loading=\"lazy\" decoding=\"async\" width=\"300\" height=\"199\" src=\"https:\/\/sp12plock.pl\/wp-content\/uploads\/2018\/05\/p001_1_02-300x199.jpg\" class=\"attachment-medium size-medium\" alt=\"\" srcset=\"https:\/\/sp12plock.pl\/wp-content\/uploads\/2018\/05\/p001_1_02-300x199.jpg 300w, https:\/\/sp12plock.pl\/wp-content\/uploads\/2018\/05\/p001_1_02.jpg 382w\" sizes=\"auto, (max-width: 300px) 100vw, 300px\" \/><\/a>\n\t\t\t<\/div><\/figure>\n\t\t<\/div>\n\n<p style=\"text-align: center;\">i dzi\u015b&#8230;<\/p>\n<div id='gallery-2' class='gallery galleryid-99 gallery-columns-2 gallery-size-medium'><figure class='gallery-item'>\n\t\t\t<div class='gallery-icon landscape'>\n\t\t\t\t<a href='https:\/\/sp12plock.pl\/wp-content\/uploads\/2018\/05\/IMG_0821.jpg' title=\"\" data-rl_title=\"\" class=\"rl-gallery-link\" data-rl_caption=\"\" data-rel=\"lightbox-gallery-2\"><img loading=\"lazy\" decoding=\"async\" width=\"300\" height=\"200\" src=\"https:\/\/sp12plock.pl\/wp-content\/uploads\/2018\/05\/IMG_0821-300x200.jpg\" class=\"attachment-medium size-medium\" alt=\"\" srcset=\"https:\/\/sp12plock.pl\/wp-content\/uploads\/2018\/05\/IMG_0821-300x200.jpg 300w, https:\/\/sp12plock.pl\/wp-content\/uploads\/2018\/05\/IMG_0821-768x511.jpg 768w, https:\/\/sp12plock.pl\/wp-content\/uploads\/2018\/05\/IMG_0821-1024x681.jpg 1024w, https:\/\/sp12plock.pl\/wp-content\/uploads\/2018\/05\/IMG_0821-700x465.jpg 700w, https:\/\/sp12plock.pl\/wp-content\/uploads\/2018\/05\/IMG_0821-400x266.jpg 400w, https:\/\/sp12plock.pl\/wp-content\/uploads\/2018\/05\/IMG_0821.jpg 1936w\" sizes=\"auto, (max-width: 300px) 100vw, 300px\" \/><\/a>\n\t\t\t<\/div><\/figure><figure class='gallery-item'>\n\t\t\t<div class='gallery-icon landscape'>\n\t\t\t\t<a href='https:\/\/sp12plock.pl\/wp-content\/uploads\/2018\/05\/IMG_0823.jpg' title=\"\" data-rl_title=\"\" class=\"rl-gallery-link\" data-rl_caption=\"\" data-rel=\"lightbox-gallery-2\"><img loading=\"lazy\" decoding=\"async\" width=\"300\" height=\"200\" src=\"https:\/\/sp12plock.pl\/wp-content\/uploads\/2018\/05\/IMG_0823-300x200.jpg\" class=\"attachment-medium size-medium\" alt=\"\" srcset=\"https:\/\/sp12plock.pl\/wp-content\/uploads\/2018\/05\/IMG_0823-300x200.jpg 300w, https:\/\/sp12plock.pl\/wp-content\/uploads\/2018\/05\/IMG_0823-768x511.jpg 768w, https:\/\/sp12plock.pl\/wp-content\/uploads\/2018\/05\/IMG_0823-1024x681.jpg 1024w, https:\/\/sp12plock.pl\/wp-content\/uploads\/2018\/05\/IMG_0823-700x465.jpg 700w, https:\/\/sp12plock.pl\/wp-content\/uploads\/2018\/05\/IMG_0823-400x266.jpg 400w, https:\/\/sp12plock.pl\/wp-content\/uploads\/2018\/05\/IMG_0823.jpg 1936w\" sizes=\"auto, (max-width: 300px) 100vw, 300px\" \/><\/a>\n\t\t\t<\/div><\/figure><figure class='gallery-item'>\n\t\t\t<div class='gallery-icon landscape'>\n\t\t\t\t<a href='https:\/\/sp12plock.pl\/wp-content\/uploads\/2018\/05\/IMG_0827.jpg' title=\"\" data-rl_title=\"\" class=\"rl-gallery-link\" data-rl_caption=\"\" data-rel=\"lightbox-gallery-2\"><img loading=\"lazy\" decoding=\"async\" width=\"300\" height=\"200\" src=\"https:\/\/sp12plock.pl\/wp-content\/uploads\/2018\/05\/IMG_0827-300x200.jpg\" class=\"attachment-medium size-medium\" alt=\"\" srcset=\"https:\/\/sp12plock.pl\/wp-content\/uploads\/2018\/05\/IMG_0827-300x200.jpg 300w, https:\/\/sp12plock.pl\/wp-content\/uploads\/2018\/05\/IMG_0827-768x511.jpg 768w, https:\/\/sp12plock.pl\/wp-content\/uploads\/2018\/05\/IMG_0827-1024x681.jpg 1024w, https:\/\/sp12plock.pl\/wp-content\/uploads\/2018\/05\/IMG_0827-700x465.jpg 700w, https:\/\/sp12plock.pl\/wp-content\/uploads\/2018\/05\/IMG_0827-400x266.jpg 400w, https:\/\/sp12plock.pl\/wp-content\/uploads\/2018\/05\/IMG_0827.jpg 1936w\" sizes=\"auto, (max-width: 300px) 100vw, 300px\" \/><\/a>\n\t\t\t<\/div><\/figure><figure class='gallery-item'>\n\t\t\t<div class='gallery-icon landscape'>\n\t\t\t\t<a href='https:\/\/sp12plock.pl\/wp-content\/uploads\/2018\/05\/IMG_0843.jpg' title=\"\" data-rl_title=\"\" class=\"rl-gallery-link\" data-rl_caption=\"\" data-rel=\"lightbox-gallery-2\"><img loading=\"lazy\" decoding=\"async\" width=\"300\" height=\"200\" src=\"https:\/\/sp12plock.pl\/wp-content\/uploads\/2018\/05\/IMG_0843-300x200.jpg\" class=\"attachment-medium size-medium\" alt=\"\" srcset=\"https:\/\/sp12plock.pl\/wp-content\/uploads\/2018\/05\/IMG_0843-300x200.jpg 300w, https:\/\/sp12plock.pl\/wp-content\/uploads\/2018\/05\/IMG_0843-768x511.jpg 768w, https:\/\/sp12plock.pl\/wp-content\/uploads\/2018\/05\/IMG_0843-1024x681.jpg 1024w, https:\/\/sp12plock.pl\/wp-content\/uploads\/2018\/05\/IMG_0843-700x465.jpg 700w, https:\/\/sp12plock.pl\/wp-content\/uploads\/2018\/05\/IMG_0843-400x266.jpg 400w, https:\/\/sp12plock.pl\/wp-content\/uploads\/2018\/05\/IMG_0843.jpg 1936w\" sizes=\"auto, (max-width: 300px) 100vw, 300px\" \/><\/a>\n\t\t\t<\/div><\/figure><figure class='gallery-item'>\n\t\t\t<div class='gallery-icon landscape'>\n\t\t\t\t<a href='https:\/\/sp12plock.pl\/wp-content\/uploads\/2018\/05\/IMG_0847.jpg' title=\"\" data-rl_title=\"\" class=\"rl-gallery-link\" data-rl_caption=\"\" data-rel=\"lightbox-gallery-2\"><img loading=\"lazy\" decoding=\"async\" width=\"300\" height=\"200\" src=\"https:\/\/sp12plock.pl\/wp-content\/uploads\/2018\/05\/IMG_0847-300x200.jpg\" class=\"attachment-medium size-medium\" alt=\"\" srcset=\"https:\/\/sp12plock.pl\/wp-content\/uploads\/2018\/05\/IMG_0847-300x200.jpg 300w, https:\/\/sp12plock.pl\/wp-content\/uploads\/2018\/05\/IMG_0847-768x511.jpg 768w, https:\/\/sp12plock.pl\/wp-content\/uploads\/2018\/05\/IMG_0847-1024x681.jpg 1024w, https:\/\/sp12plock.pl\/wp-content\/uploads\/2018\/05\/IMG_0847-700x465.jpg 700w, https:\/\/sp12plock.pl\/wp-content\/uploads\/2018\/05\/IMG_0847-400x266.jpg 400w, https:\/\/sp12plock.pl\/wp-content\/uploads\/2018\/05\/IMG_0847.jpg 1936w\" sizes=\"auto, (max-width: 300px) 100vw, 300px\" \/><\/a>\n\t\t\t<\/div><\/figure><figure class='gallery-item'>\n\t\t\t<div class='gallery-icon landscape'>\n\t\t\t\t<a href='https:\/\/sp12plock.pl\/wp-content\/uploads\/2018\/05\/IMG_0854.jpg' title=\"\" data-rl_title=\"\" class=\"rl-gallery-link\" data-rl_caption=\"\" data-rel=\"lightbox-gallery-2\"><img loading=\"lazy\" decoding=\"async\" width=\"300\" height=\"200\" src=\"https:\/\/sp12plock.pl\/wp-content\/uploads\/2018\/05\/IMG_0854-300x200.jpg\" class=\"attachment-medium size-medium\" alt=\"\" srcset=\"https:\/\/sp12plock.pl\/wp-content\/uploads\/2018\/05\/IMG_0854-300x200.jpg 300w, https:\/\/sp12plock.pl\/wp-content\/uploads\/2018\/05\/IMG_0854-768x511.jpg 768w, https:\/\/sp12plock.pl\/wp-content\/uploads\/2018\/05\/IMG_0854-1024x681.jpg 1024w, https:\/\/sp12plock.pl\/wp-content\/uploads\/2018\/05\/IMG_0854-700x465.jpg 700w, https:\/\/sp12plock.pl\/wp-content\/uploads\/2018\/05\/IMG_0854-400x266.jpg 400w, https:\/\/sp12plock.pl\/wp-content\/uploads\/2018\/05\/IMG_0854.jpg 1936w\" sizes=\"auto, (max-width: 300px) 100vw, 300px\" \/><\/a>\n\t\t\t<\/div><\/figure><figure class='gallery-item'>\n\t\t\t<div class='gallery-icon landscape'>\n\t\t\t\t<a href='https:\/\/sp12plock.pl\/wp-content\/uploads\/2018\/05\/IMG_0860.jpg' title=\"\" data-rl_title=\"\" class=\"rl-gallery-link\" data-rl_caption=\"\" data-rel=\"lightbox-gallery-2\"><img loading=\"lazy\" decoding=\"async\" width=\"300\" height=\"200\" src=\"https:\/\/sp12plock.pl\/wp-content\/uploads\/2018\/05\/IMG_0860-300x200.jpg\" class=\"attachment-medium size-medium\" alt=\"\" srcset=\"https:\/\/sp12plock.pl\/wp-content\/uploads\/2018\/05\/IMG_0860-300x200.jpg 300w, https:\/\/sp12plock.pl\/wp-content\/uploads\/2018\/05\/IMG_0860-768x511.jpg 768w, https:\/\/sp12plock.pl\/wp-content\/uploads\/2018\/05\/IMG_0860-1024x681.jpg 1024w, https:\/\/sp12plock.pl\/wp-content\/uploads\/2018\/05\/IMG_0860-700x465.jpg 700w, https:\/\/sp12plock.pl\/wp-content\/uploads\/2018\/05\/IMG_0860-400x266.jpg 400w, https:\/\/sp12plock.pl\/wp-content\/uploads\/2018\/05\/IMG_0860.jpg 1936w\" sizes=\"auto, (max-width: 300px) 100vw, 300px\" \/><\/a>\n\t\t\t<\/div><\/figure><figure class='gallery-item'>\n\t\t\t<div class='gallery-icon landscape'>\n\t\t\t\t<a href='https:\/\/sp12plock.pl\/wp-content\/uploads\/2018\/05\/IMG_0866.jpg' title=\"\" data-rl_title=\"\" class=\"rl-gallery-link\" data-rl_caption=\"\" data-rel=\"lightbox-gallery-2\"><img loading=\"lazy\" decoding=\"async\" width=\"300\" height=\"200\" src=\"https:\/\/sp12plock.pl\/wp-content\/uploads\/2018\/05\/IMG_0866-300x200.jpg\" class=\"attachment-medium size-medium\" alt=\"\" srcset=\"https:\/\/sp12plock.pl\/wp-content\/uploads\/2018\/05\/IMG_0866-300x200.jpg 300w, https:\/\/sp12plock.pl\/wp-content\/uploads\/2018\/05\/IMG_0866-768x511.jpg 768w, https:\/\/sp12plock.pl\/wp-content\/uploads\/2018\/05\/IMG_0866-1024x681.jpg 1024w, https:\/\/sp12plock.pl\/wp-content\/uploads\/2018\/05\/IMG_0866-700x465.jpg 700w, https:\/\/sp12plock.pl\/wp-content\/uploads\/2018\/05\/IMG_0866-400x266.jpg 400w, https:\/\/sp12plock.pl\/wp-content\/uploads\/2018\/05\/IMG_0866.jpg 1936w\" sizes=\"auto, (max-width: 300px) 100vw, 300px\" \/><\/a>\n\t\t\t<\/div><\/figure>\n\t\t<\/div>\n\n<hr \/>\n<div id=\"imCel0_00\">\n<div id=\"imCel0_00_Cont\">\n<div id=\"imObj0_00\">\n<p class=\"imAlign_center\" style=\"text-align: center;\"><strong><span class=\"ff2 fc3 fs16 fb \">Regulamin korzystania z WYPO\u017bYCZALNI w bibliotece szkolnej<\/span><\/strong> <span class=\"ff2 fc0 fs14 fu \"><br \/>\n<\/span><\/p>\n<p class=\"imAlign_left\"><span class=\"ff2 fc0 fs14 \">1. Ze zbior\u00f3w biblioteki mog\u0105 korzysta\u0107: uczniowie, nauczyciele, inni pracownicy szko\u0142y oraz rodzice.<br \/>\n2. Jednorazowo mo\u017cna wypo\u017cyczy\u0107 trzy ksi\u0105\u017cki na okres jednego miesi\u0105ca.<br \/>\n3. Uczniowie przygotowuj\u0105cy si\u0119 do olimpiad, konkurs\u00f3w maj\u0105 prawo do wypo\u017cyczenia jednorazowo wi\u0119kszej liczby ksi\u0105\u017cek.<br \/>\n4. Je\u017celi czytelnik nie przeczyta\u0142 ksi\u0105\u017cki, a wypo\u017cyczalnia nie ma na ni\u0105 zam\u00f3wie\u0144, mo\u017ce przed up\u0142ywem terminu zwrotu prosi\u0107 o jej przed\u0142u\u017cenie.<br \/>\n5. Wypo\u017cyczone ksi\u0105ki i inne materia\u0142y biblioteczne nale\u017cy chroni\u0107 przed zniszczeniem.<br \/>\n6. Przed wypo\u017cyczeniem czytelnik powinien zwr\u00f3ci\u0107 uwag\u0119 na ich stan i zauwa\u017cone uszkodzenia zg\u0142osi\u0107 nauczycielowi bibliotekarzowi.<br \/>\n7. Czytelnik, kt\u00f3ry zgubi lub zniszczy ksi\u0105\u017ck\u0119 zobowi\u0105zany jest do odkupienia takiej samej lub innej wskazanej przez bibliotekarza pozycji o warto\u015bci odpowiadaj\u0105cej aktualnej antykwarycznej cenie ksi\u0105\u017cki.<br \/>\n8. Wypo\u017cyczone ksi\u0105\u017cki i inne rodzaje zbior\u00f3w bibliotecznych musz\u0105 zosta\u0107 zwr\u00f3cone do biblioteki przed ko\u0144cem roku szkolnego.<br \/>\n9. Czytelnicy opuszczaj\u0105cy szko\u0142\u0119 (uczniowie, nauczyciele, pracownicy) zobowi\u0105zani s\u0105 przed odej\u015bciem rozliczy\u0107 si\u0119 z bibliotek\u0105.<br \/>\n10. W bibliotece obowi\u0105zuje cisza i zakaz spo\u017cywania posi\u0142k\u00f3w i picia napoj\u00f3w.<\/span><span class=\"ff3 fc0 fs14 fu \"><br \/>\n<\/span><\/p>\n<\/div>\n<\/div>\n<\/div>\n<div id=\"imCel0_01\">\n<div id=\"imCel0_01_Cont\">\n<div id=\"imObj0_01\">\n<p class=\"imAlign_center\" style=\"text-align: center;\"><span class=\"ff2 fc3 fs16 fb \"><br \/>\n<strong>Regulamin korzystania z CZYTELNI w bibliotece szkolnej<\/strong><\/span> <span class=\"ff2 fc4 fs14 fb fu \"><br \/>\n<\/span><\/p>\n<p class=\"imAlign_left\"><span class=\"ff2 fc2 fs14 \">1. Z czytelni moga korzysta\u0107 uczniowie i ich rodzice oraz nauczyciele.<br \/>\n2. W czytelni obowi\u0105zuje cisza oraz zakaz jedzenia i picia.<br \/>\n3. Korzystaj\u0105cy z czytelni wpisuj\u0105 si\u0119 do Zeszytu Czytelni.<br \/>\n4. Nauczyciele, kt\u00f3rzy chc\u0105 skorzysta\u0107 z pomieszczenia biblioteki w celu przeprowadzenia zaj\u0119\u0107, zg\u0142aszaj\u0105 to na tydzie\u0144 wcze\u015bniej przed planowanym terminem.<br \/>\n5. Zapotrzebowanie na materia\u0142y do zaj\u0119\u0107 nale\u017cy sk\u0142ada\u0107 dzie\u0144 wcze\u015bniej (je\u015bli przy wyszukiwaniu jest pomoc nauczyciela bibliotekarza).<br \/>\n6. W czytelni mo\u017cna korzysta\u0107 ze wszystkich zbior\u00f3w biblioteki, w tym r\u00f3wnie\u017c ksi\u0119gozbioru podr\u0119cznego, czasopism, wydawnictw audiowizualnych i multimedialnych (zbiory te wypo\u017cyczaj\u0105 wy\u0142\u0105cznie nauczyciele).<br \/>\n7. Z ksi\u0119gozbioru podr\u0119cznego i czasopism mo\u017cna korzysta\u0107 tylko na miejscu. Materia\u0142y podaje nauczyciel bibliotekarz.<br \/>\n8. Przed opuszczeniem czytelni wszelkie materia\u0142y nale\u017cy zwr\u00f3ci\u0107 bibliotekarzowi.<br \/>\n9. Ksi\u0105\u017cek i czasopism nie nale\u017cy niszczy\u0107 (robi\u0107 notatek na marginesach, zagina\u0107 rog\u00f3w, pisa\u0107 na kartkach d\u0142ugopisem, o\u0142\u00f3wkiem). Zauwa\u017cone uszkodzenia nale\u017cy zg\u0142osi\u0107 bibliotekarzowi.<br \/>\n10. Czytelnik osobi\u015bcie odpowiada za ksi\u0105\u017cki i czasopisma, z kt\u00f3rych korzysta. W razie zniszczenia szkody pokrywa rodzic.<br \/>\n<\/span><strong><span class=\"ff1 fc0 fs10 \"><br \/>\n<\/span><\/strong><\/p>\n<\/div>\n<\/div>\n<\/div>\n<div id=\"imCel0_02\">\n<div id=\"imCel0_02_Cont\">\n<div id=\"imObj0_02\">\n<p class=\"imAlign_center\" style=\"text-align: center;\"><span class=\"ff2 fc3 fs16 fb \"><strong>Regulamin korzystania z ICIM w bibliotece szkolnej<\/strong><\/span><span class=\"ff2 fc4 fs14 fb fu \"><br \/>\n<\/span><\/p>\n<p class=\"imAlign_left\"><span class=\"ff2 fc2 fs14 \">1. Stanowiska komputerowe w bibliotece mog\u0105 by\u0107 wykorzystane do poszukiwa\u0144 \u017ar\u00f3d\u0142owych za pomoc\u0105 sieci Internet oraz edukacyjnych program\u00f3w multimedialnych.<br \/>\n2. Z pracowni mo\u017cna korzysta\u0107 przed rozpocz\u0119ciem zaj\u0119\u0107 lekcyjnych oraz ich zako\u0144czenie.<br \/>\n3. Ka\u017cdy korzystaj\u0105cy z pracowni powinien wpisa\u0107 si\u0119 do Rejestru U\u017cytkownik\u00f3w.<br \/>\n4. U\u017cytkownicy zobowi\u0105zani s\u0105 do korzystania z komputer\u00f3w zgodnie z ich przeznaczeniem, tj. w celach edukacyjnych. <\/span><strong><span class=\"ff2 fc5 fs14 fu \">NIE NALE\u017bY WYKORZYSTYWA\u0106 KOMPUTER\u00d3W DO GIER I ZABAW!<\/span><\/strong><span class=\"ff2 fc6 fs14 \"><br \/>\n<\/span><span class=\"ff2 fc2 fs14 \">5. Korzysta\u0107 mo\u017cna jedynie z zainstalowanych program\u00f3w. Zabrania si\u0119 instalowania innych program\u00f3w i dokonywania zmian w ju\u017c istniej\u0105cych oprogramowaniach.<br \/>\n6. Je\u017celi u\u017cytkownik opu\u015bci stanowisko na d\u0142u\u017cej ni\u017c 10 min. bez zg\u0142oszenia bibliotekarzowi, zostanie ono udost\u0119pnione innemu u\u017cytkownikowi bez zabezpieczenia wyszukanych wcze\u015bniej danych.<br \/>\n7. Wszelkie uszkodzenia lub nieprawid\u0142owo\u015bci w pracy komputer\u00f3w nale\u017cy natychmiast zg\u0142osi\u0107 nauczycielowi bibliotekarzowi.<br \/>\n8. Dla komfortu pracy wszystkich korzystaj\u0105cych z biblioteki (wypo\u017cyczalni i czytelni) nale\u017cy zachowa\u0107 cisz\u0119.<br \/>\n9. Okrycia wierzchnie, torby, plecaki itp. nale\u017cy zostawi\u0107 w szatni. Nie wolno wnosi\u0107 napoj\u00f3w i innych artyku\u0142\u00f3w spo\u017cywczych.<br \/>\n10. W przypadku stwierdzenia naruszenia obowi\u0105zuj\u0105cych zasad, bibliotekarz ma prawo do natychmiastowego przerwania pracy u\u017cytkownika.<br \/>\n11. Po zako\u0144czeniu pracy nale\u017cy wylogowa\u0107 si\u0119 ze swojego konta lub zamkn\u0105\u0107 system (dotyczy uczni\u00f3w ko\u0144cz\u0105cych zaj\u0119cia w pracowni danego dnia). Stanowisko nale\u017cy pozostawi\u0107 w idealnym porz\u0105dku.<\/span><\/p>\n<\/div>\n<\/div>\n<\/div>\n","protected":false},"excerpt":{"rendered":"<p>GODZINY PRACY Poniedzia\u0142ek &#8211; Pi\u0105tek: 8.00- 15.00 Czwartek: dzie\u0144 wewn\u0119trzny Zasoby zdalne Nasza biblioteka Dawniej&#8230; i dzi\u015b&#8230; Regulamin korzystania z WYPO\u017bYCZALNI w bibliotece szkolnej 1. Ze zbior\u00f3w biblioteki mog\u0105 korzysta\u0107: uczniowie, nauczyciele, inni pracownicy szko\u0142y oraz rodzice. 2. Jednorazowo mo\u017cna wypo\u017cyczy\u0107 trzy ksi\u0105\u017cki na okres jednego miesi\u0105ca. 3. Uczniowie przygotowuj\u0105cy si\u0119 do olimpiad, konkurs\u00f3w maj\u0105 [&#8230;.] <a href=\"https:\/\/sp12plock.pl\/index.php\/biblioteka\/\" class=\"read-more\">Czytaj wi\u0119cej&#8230;<\/a><\/p>\n","protected":false},"author":1,"featured_media":0,"parent":0,"menu_order":0,"comment_status":"closed","ping_status":"closed","template":"","meta":{"footnotes":""},"class_list":["post-99","page","type-page","status-publish","hentry"],"_links":{"self":[{"href":"https:\/\/sp12plock.pl\/index.php\/wp-json\/wp\/v2\/pages\/99","targetHints":{"allow":["GET"]}}],"collection":[{"href":"https:\/\/sp12plock.pl\/index.php\/wp-json\/wp\/v2\/pages"}],"about":[{"href":"https:\/\/sp12plock.pl\/index.php\/wp-json\/wp\/v2\/types\/page"}],"author":[{"embeddable":true,"href":"https:\/\/sp12plock.pl\/index.php\/wp-json\/wp\/v2\/users\/1"}],"replies":[{"embeddable":true,"href":"https:\/\/sp12plock.pl\/index.php\/wp-json\/wp\/v2\/comments?post=99"}],"version-history":[{"count":11,"href":"https:\/\/sp12plock.pl\/index.php\/wp-json\/wp\/v2\/pages\/99\/revisions"}],"predecessor-version":[{"id":12840,"href":"https:\/\/sp12plock.pl\/index.php\/wp-json\/wp\/v2\/pages\/99\/revisions\/12840"}],"wp:attachment":[{"href":"https:\/\/sp12plock.pl\/index.php\/wp-json\/wp\/v2\/media?parent=99"}],"curies":[{"name":"wp","href":"https:\/\/api.w.org\/{rel}","templated":true}]}}